{"id":973,"date":"2019-12-09T17:34:30","date_gmt":"2019-12-09T17:34:30","guid":{"rendered":"http:\/\/olaplex.al\/?post_type=product&#038;p=973"},"modified":"2024-12-01T15:59:25","modified_gmt":"2024-12-01T15:59:25","slug":"no-6-bond-smoother-100ml","status":"publish","type":"product","link":"https:\/\/www.olaplex.al\/en\/product\/no-6-bond-smoother-100ml\/","title":{"rendered":"No.6 Bond Smoother 100ml"},"content":{"rendered":"<p>Nj\u00eb Leave-in krem me p\u00ebrqendrim t\u00eb lart\u00eb.<\/p>\n<p>No6 forcon, ushqen dhe p\u00ebrshpejton tharjen e flokut. Ekselent p\u00ebr cdo tip floku, duke p\u00ebrfshir\u00eb t\u00eb lyer dhe t\u00eb trajtuar kimikisht.<\/p>\n<p>Eliminon elektrizimin dhe majat dyshe, shton nj\u00eb zbutje mbresl\u00ebn\u00ebse.<\/p>\n<p>Resultate q\u00eb ruhen p\u00ebr 72 or\u00eb.<\/p>\n<p>Balanca e PH: 4 \u2013 5<\/p>\n","protected":false},"excerpt":{"rendered":"<p>Nj\u00eb Leave-in krem me p\u00ebrqendrim t\u00eb lart\u00eb. No6 forcon, ushqen dhe p\u00ebrshpejton tharjen e flokut. Ekselent p\u00ebr cdo tip floku, duke p\u00ebrfshir\u00eb t\u00eb lyer dhe t\u00eb trajtuar kimikisht. Eliminon elektrizimin dhe majat dyshe, shton nj\u00eb zbutje mbresl\u00ebn\u00ebse. Resultate q\u00eb ruhen p\u00ebr 72 or\u00eb. Balanca e PH: 4 \u2013 5<\/p>\n","protected":false},"featured_media":2323,"template":"","meta":{"om_disable_all_campaigns":false,"_monsterinsights_skip_tracking":false,"_monsterinsights_sitenote_active":false,"_monsterinsights_sitenote_note":"","_monsterinsights_sitenote_category":0},"product_brand":[],"product_cat":[41,16],"product_tag":[],"class_list":{"0":"post-973","1":"product","2":"type-product","3":"status-publish","4":"has-post-thumbnail","6":"product_cat-for-her","7":"product_cat-olaplex","9":"first","10":"instock","11":"sale","12":"shipping-taxable","13":"purchasable","14":"product-type-simple","15":"prodpage-style3"},"_links":{"self":[{"href":"https:\/\/www.olaplex.al\/en\/wp-json\/wp\/v2\/product\/973","targetHints":{"allow":["GET"]}}],"collection":[{"href":"https:\/\/www.olaplex.al\/en\/wp-json\/wp\/v2\/product"}],"about":[{"href":"https:\/\/www.olaplex.al\/en\/wp-json\/wp\/v2\/types\/product"}],"wp:featuredmedia":[{"embeddable":true,"href":"https:\/\/www.olaplex.al\/en\/wp-json\/wp\/v2\/media\/2323"}],"wp:attachment":[{"href":"https:\/\/www.olaplex.al\/en\/wp-json\/wp\/v2\/media?parent=973"}],"wp:term":[{"taxonomy":"product_brand","embeddable":true,"href":"https:\/\/www.olaplex.al\/en\/wp-json\/wp\/v2\/product_brand?post=973"},{"taxonomy":"product_cat","embeddable":true,"href":"https:\/\/www.olaplex.al\/en\/wp-json\/wp\/v2\/product_cat?post=973"},{"taxonomy":"product_tag","embeddable":true,"href":"https:\/\/www.olaplex.al\/en\/wp-json\/wp\/v2\/product_tag?post=973"}],"curies":[{"name":"wp","href":"https:\/\/api.w.org\/{rel}","templated":true}]}}