{"id":661,"date":"2018-09-23T14:27:02","date_gmt":"2018-09-23T14:27:02","guid":{"rendered":"http:\/\/olaplex.al\/?post_type=product&#038;p=661"},"modified":"2024-12-01T15:59:34","modified_gmt":"2024-12-01T15:59:34","slug":"no-5-bond-maintenance-conditioner","status":"publish","type":"product","link":"https:\/\/www.olaplex.al\/en\/product\/no-5-bond-maintenance-conditioner\/","title":{"rendered":"No.5 Bond Maintenance\u2122 Conditioner 250 ml"},"content":{"rendered":"<p>Nj\u00eb conditioner riparues dhe ushqyes i nivelit t\u00eb lart\u00eb p\u00ebr cdo tip floku.<\/p>\n<p>E b\u00ebn flokun m\u00eb t\u00eb menaxhuesh\u00ebm, me shk\u00eblqim dhe t\u00eb sh\u00ebndetsh\u00ebm n\u00eb cdo p\u00ebrdorim.<\/p>\n<p>Mbron dhe riparon lidhjet e flokut duke eliminuar elektrizimin, fundet dyshe. P\u00ebrdoret n\u00eb cdo tip floku.<\/p>\n<p>Balanca e PH: 4 \u2013 5<\/p>\n","protected":false},"excerpt":{"rendered":"<p>Nj\u00eb conditioner riparues dhe ushqyes i nivelit t\u00eb lart\u00eb p\u00ebr cdo tip floku. E b\u00ebn flokun m\u00eb t\u00eb menaxhuesh\u00ebm, me shk\u00eblqim dhe t\u00eb sh\u00ebndetsh\u00ebm n\u00eb cdo p\u00ebrdorim. Mbron dhe riparon lidhjet e flokut duke eliminuar elektrizimin, fundet dyshe. P\u00ebrdoret n\u00eb cdo tip floku. Balanca e PH: 4 \u2013 5<\/p>\n","protected":false},"featured_media":2324,"template":"","meta":{"om_disable_all_campaigns":false,"_monsterinsights_skip_tracking":false,"_monsterinsights_sitenote_active":false,"_monsterinsights_sitenote_note":"","_monsterinsights_sitenote_category":0},"product_brand":[],"product_cat":[41,16],"product_tag":[],"class_list":{"0":"post-661","1":"product","2":"type-product","3":"status-publish","4":"has-post-thumbnail","6":"product_cat-for-her","7":"product_cat-olaplex","9":"first","10":"instock","11":"sale","12":"shipping-taxable","13":"purchasable","14":"product-type-simple","15":"prodpage-style3"},"_links":{"self":[{"href":"https:\/\/www.olaplex.al\/en\/wp-json\/wp\/v2\/product\/661","targetHints":{"allow":["GET"]}}],"collection":[{"href":"https:\/\/www.olaplex.al\/en\/wp-json\/wp\/v2\/product"}],"about":[{"href":"https:\/\/www.olaplex.al\/en\/wp-json\/wp\/v2\/types\/product"}],"wp:featuredmedia":[{"embeddable":true,"href":"https:\/\/www.olaplex.al\/en\/wp-json\/wp\/v2\/media\/2324"}],"wp:attachment":[{"href":"https:\/\/www.olaplex.al\/en\/wp-json\/wp\/v2\/media?parent=661"}],"wp:term":[{"taxonomy":"product_brand","embeddable":true,"href":"https:\/\/www.olaplex.al\/en\/wp-json\/wp\/v2\/product_brand?post=661"},{"taxonomy":"product_cat","embeddable":true,"href":"https:\/\/www.olaplex.al\/en\/wp-json\/wp\/v2\/product_cat?post=661"},{"taxonomy":"product_tag","embeddable":true,"href":"https:\/\/www.olaplex.al\/en\/wp-json\/wp\/v2\/product_tag?post=661"}],"curies":[{"name":"wp","href":"https:\/\/api.w.org\/{rel}","templated":true}]}}