{"id":659,"date":"2018-09-23T14:25:09","date_gmt":"2018-09-23T14:25:09","guid":{"rendered":"http:\/\/olaplex.al\/?post_type=product&#038;p=659"},"modified":"2024-12-01T16:00:10","modified_gmt":"2024-12-01T16:00:10","slug":"no-3-hair-perfector","status":"publish","type":"product","link":"https:\/\/www.olaplex.al\/en\/product\/no-3-hair-perfector\/","title":{"rendered":"No.3 Hair Perfector 100ml"},"content":{"rendered":"<p>Produkti q\u00eb b\u00ebri t\u00eb famsh\u00ebm OLAPLEX!<\/p>\n<p>Trajtimi yne i sht\u00ebpise m\u00eb e shitura n\u00eb bot\u00eb q\u00eb nuk \u00ebsht\u00eb as mask dhe as conditioner, parandalon dhe redukton d\u00ebmtimin dhe forcon flokun.<\/p>\n<p>Rind\u00ebrton lidhjet e floku duke orfruar flok t\u00eb sh\u00ebndetsh\u00ebm dhe struktur te riparuar.<\/p>\n<p>Balanca e PH: 3.5-5<\/p>\n","protected":false},"excerpt":{"rendered":"<p>Produkti q\u00eb b\u00ebri t\u00eb famsh\u00ebm OLAPLEX! Trajtimi yne i sht\u00ebpise m\u00eb e shitura n\u00eb bot\u00eb q\u00eb nuk \u00ebsht\u00eb as mask dhe as conditioner, parandalon dhe redukton d\u00ebmtimin dhe forcon flokun. Rind\u00ebrton lidhjet e floku duke orfruar flok t\u00eb sh\u00ebndetsh\u00ebm dhe struktur te riparuar. Balanca e PH: 3.5-5<\/p>\n","protected":false},"featured_media":2326,"template":"","meta":{"om_disable_all_campaigns":false,"_monsterinsights_skip_tracking":false,"_monsterinsights_sitenote_active":false,"_monsterinsights_sitenote_note":"","_monsterinsights_sitenote_category":0},"product_brand":[],"product_cat":[41,16],"product_tag":[],"class_list":{"0":"post-659","1":"product","2":"type-product","3":"status-publish","4":"has-post-thumbnail","6":"product_cat-for-her","7":"product_cat-olaplex","9":"first","10":"instock","11":"sale","12":"shipping-taxable","13":"purchasable","14":"product-type-simple","15":"prodpage-style3"},"_links":{"self":[{"href":"https:\/\/www.olaplex.al\/en\/wp-json\/wp\/v2\/product\/659","targetHints":{"allow":["GET"]}}],"collection":[{"href":"https:\/\/www.olaplex.al\/en\/wp-json\/wp\/v2\/product"}],"about":[{"href":"https:\/\/www.olaplex.al\/en\/wp-json\/wp\/v2\/types\/product"}],"wp:featuredmedia":[{"embeddable":true,"href":"https:\/\/www.olaplex.al\/en\/wp-json\/wp\/v2\/media\/2326"}],"wp:attachment":[{"href":"https:\/\/www.olaplex.al\/en\/wp-json\/wp\/v2\/media?parent=659"}],"wp:term":[{"taxonomy":"product_brand","embeddable":true,"href":"https:\/\/www.olaplex.al\/en\/wp-json\/wp\/v2\/product_brand?post=659"},{"taxonomy":"product_cat","embeddable":true,"href":"https:\/\/www.olaplex.al\/en\/wp-json\/wp\/v2\/product_cat?post=659"},{"taxonomy":"product_tag","embeddable":true,"href":"https:\/\/www.olaplex.al\/en\/wp-json\/wp\/v2\/product_tag?post=659"}],"curies":[{"name":"wp","href":"https:\/\/api.w.org\/{rel}","templated":true}]}}