{"id":3989,"date":"2026-04-09T08:59:06","date_gmt":"2026-04-09T08:59:06","guid":{"rendered":"https:\/\/www.olaplex.al\/?post_type=product&#038;p=3989"},"modified":"2026-04-09T08:59:20","modified_gmt":"2026-04-09T08:59:20","slug":"endless-shine-smooth-hair-set","status":"publish","type":"product","link":"https:\/\/www.olaplex.al\/en\/product\/endless-shine-smooth-hair-set\/","title":{"rendered":"Endless Shine Smooth Hair Set"},"content":{"rendered":"<h3 data-section-id=\"hjpbin\" data-start=\"73\" data-end=\"102\"><span role=\"text\"><strong data-start=\"77\" data-end=\"100\">P\u00ebrfitimet Kryesore<\/strong><\/span><\/h3>\n<p data-start=\"103\" data-end=\"301\">Rrit menj\u00ebher\u00eb shk\u00eblqimin dhe ofron mbrojtje nga nxeht\u00ebsia deri n\u00eb 450\u00b0F\/232\u00b0C<br data-start=\"181\" data-end=\"184\" \/>Zbut dhe redukton frizz-in dhe fijet e dala<br data-start=\"227\" data-end=\"230\" \/>Zbut, hidraton dhe ndihmon n\u00eb definimin e stilimit natyral (pa thar\u00ebse)<\/p>\n<hr data-start=\"303\" data-end=\"306\" \/>\n<h3 data-section-id=\"dggs02\" data-start=\"308\" data-end=\"332\"><span role=\"text\"><strong data-start=\"312\" data-end=\"330\">Si t\u00eb P\u00ebrdoret<\/strong><\/span><\/h3>\n<p data-start=\"333\" data-end=\"475\">Edhe pse mund t\u00eb preferoni t\u2019i p\u00ebrdorni k\u00ebto produkte stilimi me radh\u00eb t\u00eb ndryshme, n\u00ebse i kombinoni t\u00eb gjitha bashk\u00eb, p\u00ebrdorini n\u00eb k\u00ebt\u00eb rend:<\/p>\n<p data-start=\"477\" data-end=\"639\"><strong data-start=\"477\" data-end=\"488\">Hapi 1:<\/strong> Aplikoni nj\u00eb pomp\u00eb t\u00eb N\u00b0.6 BOND SMOOTHER\u00ae n\u00eb flok\u00eb t\u00eb past\u00ebr dhe t\u00eb lagur para stilimit. Mund ta aplikoni edhe n\u00eb flok\u00eb t\u00eb that\u00eb p\u00ebr m\u00eb shum\u00eb definim.<\/p>\n<p data-start=\"641\" data-end=\"869\"><strong data-start=\"641\" data-end=\"652\">Hapi 2:<\/strong> Vazhdoni me OLAPLEX N\u00b0.7 BONDING OIL\u2122 n\u00eb flok\u00eb t\u00eb past\u00ebr dhe t\u00eb lagur para stilimit, dhe n\u00eb flok\u00eb t\u00eb that\u00eb p\u00ebr t\u00eb ruajtur shk\u00eblqimin dhe but\u00ebsin\u00eb. Filloni me 2-3 pika mbi N\u00b0.6 BOND SMOOTHER\u00ae ose p\u00ebrziejini s\u00eb bashku.<\/p>\n<p data-start=\"871\" data-end=\"940\">Shikoni produktet individuale p\u00ebr udh\u00ebzime m\u00eb t\u00eb detajuara p\u00ebrdorimi.<\/p>\n<hr data-start=\"942\" data-end=\"945\" \/>\n<h3 data-section-id=\"1m5rxz1\" data-start=\"947\" data-end=\"963\"><span role=\"text\"><strong data-start=\"951\" data-end=\"961\">Detaje<\/strong><\/span><\/h3>\n<p data-start=\"964\" data-end=\"1355\">Gati p\u00ebr shk\u00eblqim maksimal me mbrojtje nga d\u00ebmtimi, nxeht\u00ebsia dhe lag\u00ebshtia p\u00ebr stile m\u00eb t\u00eb forta dhe m\u00eb t\u00eb l\u00ebmuara n\u00eb \u00e7do tip flok\u00ebsh? Ky set stilimi p\u00ebrfshin madh\u00ebsi t\u00eb plota t\u00eb OLAPLEX N\u00b0.7 BONDING OIL\u2122, nj\u00eb vaj flok\u00ebsh shum\u00eb i preferuar dhe i leht\u00eb p\u00ebr shk\u00eblqim t\u00eb menj\u00ebhersh\u00ebm, but\u00ebsi dhe reduktim t\u00eb k\u00ebputjes s\u00eb flok\u00ebve, si dhe N\u00b0.6 BOND SMOOTHER\u00ae p\u00ebr kontroll t\u00eb frizz-it dhe definim.<\/p>\n<hr data-start=\"1357\" data-end=\"1360\" \/>\n<h3 data-section-id=\"193u9ku\" data-start=\"1362\" data-end=\"1385\"><span role=\"text\"><strong data-start=\"1366\" data-end=\"1383\">Seti P\u00ebrfshin<\/strong><\/span><\/h3>\n<p data-start=\"1387\" data-end=\"1509\">Madh\u00ebsi e plot\u00eb N\u00ba.6 BOND SMOOTHER\u00ae (3.3 fl. oz. \/ 100 mL)<br data-start=\"1445\" data-end=\"1448\" \/>Madh\u00ebsi e plot\u00eb OLAPLEX N\u00ba.7 BONDING OIL\u2122 (1 fl. oz. \/ 30 mL)<\/p>\n","protected":false},"excerpt":{"rendered":"<p>P\u00ebrfitimet Kryesore Rrit menj\u00ebher\u00eb shk\u00eblqimin dhe ofron mbrojtje nga nxeht\u00ebsia deri n\u00eb 450\u00b0F\/232\u00b0CZbut dhe redukton frizz-in dhe fijet e dalaZbut, hidraton dhe ndihmon n\u00eb definimin e stilimit natyral (pa thar\u00ebse) Si t\u00eb P\u00ebrdoret Edhe pse mund t\u00eb preferoni t\u2019i p\u00ebrdorni k\u00ebto produkte stilimi me radh\u00eb t\u00eb ndryshme, n\u00ebse i kombinoni t\u00eb gjitha bashk\u00eb, p\u00ebrdorini n\u00eb<\/p>\n","protected":false},"featured_media":3990,"template":"","meta":{"om_disable_all_campaigns":false,"_monsterinsights_skip_tracking":false,"_monsterinsights_sitenote_active":false,"_monsterinsights_sitenote_note":"","_monsterinsights_sitenote_category":0},"product_brand":[],"product_cat":[],"product_tag":[],"class_list":{"0":"post-3989","1":"product","2":"type-product","3":"status-publish","4":"has-post-thumbnail","7":"first","8":"instock","9":"shipping-taxable","10":"purchasable","11":"product-type-simple","12":"prodpage-style3"},"_links":{"self":[{"href":"https:\/\/www.olaplex.al\/en\/wp-json\/wp\/v2\/product\/3989","targetHints":{"allow":["GET"]}}],"collection":[{"href":"https:\/\/www.olaplex.al\/en\/wp-json\/wp\/v2\/product"}],"about":[{"href":"https:\/\/www.olaplex.al\/en\/wp-json\/wp\/v2\/types\/product"}],"wp:featuredmedia":[{"embeddable":true,"href":"https:\/\/www.olaplex.al\/en\/wp-json\/wp\/v2\/media\/3990"}],"wp:attachment":[{"href":"https:\/\/www.olaplex.al\/en\/wp-json\/wp\/v2\/media?parent=3989"}],"wp:term":[{"taxonomy":"product_brand","embeddable":true,"href":"https:\/\/www.olaplex.al\/en\/wp-json\/wp\/v2\/product_brand?post=3989"},{"taxonomy":"product_cat","embeddable":true,"href":"https:\/\/www.olaplex.al\/en\/wp-json\/wp\/v2\/product_cat?post=3989"},{"taxonomy":"product_tag","embeddable":true,"href":"https:\/\/www.olaplex.al\/en\/wp-json\/wp\/v2\/product_tag?post=3989"}],"curies":[{"name":"wp","href":"https:\/\/api.w.org\/{rel}","templated":true}]}}