{"id":3904,"date":"2025-12-18T12:57:57","date_gmt":"2025-12-18T12:57:57","guid":{"rendered":"https:\/\/www.olaplex.al\/?post_type=product&#038;p=3904"},"modified":"2026-04-01T09:21:44","modified_gmt":"2026-04-01T09:21:44","slug":"olaplex-n-0-5-scalp-longevity-treatment","status":"publish","type":"product","link":"https:\/\/www.olaplex.al\/en\/product\/olaplex-n-0-5-scalp-longevity-treatment\/","title":{"rendered":"OLAPLEX N\u00b0.0.5 Scalp Longevity Treatment"},"content":{"rendered":"<p data-start=\"0\" data-end=\"25\"><strong data-start=\"0\" data-end=\"23\">P\u00ebrfitimet kryesore<\/strong><\/p>\n<ul data-start=\"26\" data-end=\"191\">\n<li data-start=\"26\" data-end=\"68\">\n<p data-start=\"28\" data-end=\"68\">Hidraton dhe qet\u00ebson menj\u00ebher\u00eb skalpin<\/p>\n<\/li>\n<li data-start=\"69\" data-end=\"125\">\n<p data-start=\"71\" data-end=\"125\">Forcon dhe mbron barrier\u00ebn dhe mikrobiom\u00ebn e skalpit<\/p>\n<\/li>\n<li data-start=\"126\" data-end=\"191\">\n<p data-start=\"128\" data-end=\"191\">Nxit flok\u00eb t\u00eb but\u00eb, me shk\u00eblqim dhe duksh\u00ebm m\u00eb t\u00eb sh\u00ebndetsh\u00ebm<\/p>\n<\/li>\n<\/ul>\n<hr data-start=\"193\" data-end=\"196\" \/>\n<p data-start=\"198\" data-end=\"218\"><strong data-start=\"198\" data-end=\"216\">Si ta p\u00ebrdorni<\/strong><\/p>\n<ul data-start=\"219\" data-end=\"720\">\n<li data-start=\"219\" data-end=\"316\">\n<p data-start=\"221\" data-end=\"316\">Ndarni flok\u00ebt me aplikuesin me maj\u00eb t\u00eb holl\u00eb. Shtypni but\u00ebsisht dhe aplikoni direkt n\u00eb skalp.<\/p>\n<\/li>\n<li data-start=\"317\" data-end=\"446\">\n<p data-start=\"319\" data-end=\"446\">Vazhdoni n\u00eb aq seksione sa t\u00eb jet\u00eb e nevojshme. Ekspert\u00ebt tan\u00eb rekomandojn\u00eb 3\u20134 seksione n\u00eb maj\u00eb dhe pjes\u00ebn e pasme t\u00eb kok\u00ebs.<\/p>\n<\/li>\n<li data-start=\"447\" data-end=\"511\">\n<p data-start=\"449\" data-end=\"511\">Masazhoni mir\u00eb n\u00eb skalp p\u00ebr t\u00eb siguruar p\u00ebrthithje t\u00eb plot\u00eb.<\/p>\n<\/li>\n<li data-start=\"512\" data-end=\"615\">\n<p data-start=\"514\" data-end=\"615\">P\u00ebrdoreni p\u00ebrpara se t\u00eb stiloni flok\u00ebt e lagur ose si trajtim gjat\u00eb nat\u00ebs kur flok\u00ebt jan\u00eb t\u00eb that\u00eb.<\/p>\n<\/li>\n<li data-start=\"616\" data-end=\"720\">\n<p data-start=\"618\" data-end=\"720\">P\u00ebr rezultate m\u00eb t\u00eb mira, p\u00ebrdoreni tre her\u00eb n\u00eb jav\u00eb. Mjaftuesh\u00ebm i but\u00eb p\u00ebr p\u00ebrdorim t\u00eb p\u00ebrditsh\u00ebm.<\/p>\n<\/li>\n<\/ul>\n<hr data-start=\"722\" data-end=\"725\" \/>\n<p data-start=\"727\" data-end=\"1169\"><strong data-start=\"727\" data-end=\"738\">Detajet<\/strong><br data-start=\"738\" data-end=\"741\" \/>L\u00ebkura e kok\u00ebs plaket m\u00eb shpejt se \u00e7do pjes\u00eb tjet\u00ebr e trupit dhe kjo ndikon drejtp\u00ebrdrejt n\u00eb sh\u00ebndetin e flok\u00ebve.<br data-start=\"854\" data-end=\"857\" \/>Ky trajtim i leht\u00eb, pa shp\u00eblarje, hidraton dhe qet\u00ebson menj\u00ebher\u00eb skalpin, duke mbrojtur kund\u00ebr plakjes s\u00eb p\u00ebrshpejtuar t\u00eb tij dhe duke nxitur flok\u00eb t\u00eb l\u00ebmuar, me shk\u00eblqim dhe t\u00eb sh\u00ebndetsh\u00ebm.<br data-start=\"1047\" data-end=\"1050\" \/>I p\u00ebrshtatsh\u00ebm p\u00ebr t\u00eb gjitha llojet e skalpit dhe flok\u00ebve. I testuar dermatologjikisht dhe i miratuar nga trikolog\u00ebt.<\/p>\n<hr data-start=\"1171\" data-end=\"1174\" \/>\n<p data-start=\"1176\" data-end=\"1574\"><strong data-start=\"1176\" data-end=\"1190\">P\u00ebrb\u00ebr\u00ebsit<\/strong><br data-start=\"1190\" data-end=\"1193\" \/><strong data-start=\"1193\" data-end=\"1253\">Kompleksi Ekskluziv p\u00ebr Nd\u00ebrtimin e Barrier\u00ebs s\u00eb Skalpit<\/strong><br data-start=\"1253\" data-end=\"1256\" \/>Teknologjia e patentuar <strong data-start=\"1280\" data-end=\"1317\">OLAPLEX Bond Building Technology\u00ae<\/strong> rilidh lidhjet disulfide brenda keratin\u00ebs p\u00ebr t\u00eb forcuar <em data-start=\"1375\" data-end=\"1392\">Stratum Corneum<\/em>\u2014barrier\u00ebn mbrojt\u00ebse t\u00eb skalpit.<br data-start=\"1424\" data-end=\"1427\" \/>Gjithashtu, nj\u00eb p\u00ebrzierje e acideve yndyrore thelb\u00ebsore dhe ceramideve siguron ushqim dhe rigjeneron lipidet p\u00ebr t\u00eb hidratuar nj\u00eb skalp t\u00eb that\u00eb.<\/p>\n<p data-start=\"1576\" data-end=\"1911\"><strong data-start=\"1576\" data-end=\"1658\">P\u00ebrzierje e Pasur me Antioksidant\u00eb nga Ekstrakti i Livandos &amp; Pipers Tazmanian<\/strong><br data-start=\"1658\" data-end=\"1661\" \/>Ndihmon n\u00eb mbrojtjen kund\u00ebr radikaleve t\u00eb lira dhe plakjes s\u00eb p\u00ebrshpejtuar t\u00eb skalpit t\u00eb shkaktuar nga faktor\u00eb si dielli, cil\u00ebsia e dob\u00ebt e ujit, irrituesit, trajtimet kimike, produktet e flok\u00ebve, stresi, mungesa e gjumit dhe dieta e paekuilibruar.<\/p>\n<p data-start=\"1913\" data-end=\"2102\"><strong data-start=\"1913\" data-end=\"1946\">P\u00ebrzierja Biome Pro-Balancing<\/strong><br data-start=\"1946\" data-end=\"1949\" \/>Balanson mikrobiom\u00ebn e skalpit dhe forcon barrier\u00ebn e tij p\u00ebr t\u00eb ruajtur nj\u00eb mjedis t\u00eb sh\u00ebndetsh\u00ebm, gj\u00eb q\u00eb ndihmon n\u00eb mbrojtjen e sh\u00ebndetit t\u00eb flok\u00ebve.<\/p>\n<p data-start=\"2104\" data-end=\"2274\" data-is-last-node=\"\" data-is-only-node=\"\"><strong data-start=\"2104\" data-end=\"2119\">E LIR\u00cb NGA:<\/strong> Sulfate, Silikone, Ftalate, Fosfate, Paraben\u00eb, MIC\/MIT, Proteina.<br data-start=\"2185\" data-end=\"2188\" \/>E sigurt p\u00ebr flok\u00ebt e lyer, vegane dhe e p\u00ebrshtatshme p\u00ebr flok\u00eb t\u00eb trajtuar kimikisht.<\/p>\n","protected":false},"excerpt":{"rendered":"<p>P\u00ebrfitimet kryesore Hidraton dhe qet\u00ebson menj\u00ebher\u00eb skalpin Forcon dhe mbron barrier\u00ebn dhe mikrobiom\u00ebn e skalpit Nxit flok\u00eb t\u00eb but\u00eb, me shk\u00eblqim dhe duksh\u00ebm m\u00eb t\u00eb sh\u00ebndetsh\u00ebm Si ta p\u00ebrdorni Ndarni flok\u00ebt me aplikuesin me maj\u00eb t\u00eb holl\u00eb. Shtypni but\u00ebsisht dhe aplikoni direkt n\u00eb skalp. Vazhdoni n\u00eb aq seksione sa t\u00eb jet\u00eb e nevojshme. Ekspert\u00ebt tan\u00eb<\/p>\n","protected":false},"featured_media":3905,"template":"","meta":{"om_disable_all_campaigns":false,"_monsterinsights_skip_tracking":false,"_monsterinsights_sitenote_active":false,"_monsterinsights_sitenote_note":"","_monsterinsights_sitenote_category":0},"product_brand":[],"product_cat":[526,527,537],"product_tag":[],"class_list":{"0":"post-3904","1":"product","2":"type-product","3":"status-publish","4":"has-post-thumbnail","6":"product_cat-for-her-sq","7":"product_cat-olaplex-sq","8":"product_cat-olaplex-for-her-sq","10":"first","11":"instock","12":"shipping-taxable","13":"purchasable","14":"product-type-simple","15":"prodpage-style3"},"_links":{"self":[{"href":"https:\/\/www.olaplex.al\/en\/wp-json\/wp\/v2\/product\/3904","targetHints":{"allow":["GET"]}}],"collection":[{"href":"https:\/\/www.olaplex.al\/en\/wp-json\/wp\/v2\/product"}],"about":[{"href":"https:\/\/www.olaplex.al\/en\/wp-json\/wp\/v2\/types\/product"}],"wp:featuredmedia":[{"embeddable":true,"href":"https:\/\/www.olaplex.al\/en\/wp-json\/wp\/v2\/media\/3905"}],"wp:attachment":[{"href":"https:\/\/www.olaplex.al\/en\/wp-json\/wp\/v2\/media?parent=3904"}],"wp:term":[{"taxonomy":"product_brand","embeddable":true,"href":"https:\/\/www.olaplex.al\/en\/wp-json\/wp\/v2\/product_brand?post=3904"},{"taxonomy":"product_cat","embeddable":true,"href":"https:\/\/www.olaplex.al\/en\/wp-json\/wp\/v2\/product_cat?post=3904"},{"taxonomy":"product_tag","embeddable":true,"href":"https:\/\/www.olaplex.al\/en\/wp-json\/wp\/v2\/product_tag?post=3904"}],"curies":[{"name":"wp","href":"https:\/\/api.w.org\/{rel}","templated":true}]}}