{"id":3900,"date":"2025-12-18T12:54:10","date_gmt":"2025-12-18T12:54:10","guid":{"rendered":"https:\/\/www.olaplex.al\/?post_type=product&#038;p=3900"},"modified":"2025-12-18T12:58:24","modified_gmt":"2025-12-18T12:58:24","slug":"weightless-nourishing-mask-200ml","status":"publish","type":"product","link":"https:\/\/www.olaplex.al\/en\/product\/weightless-nourishing-mask-200ml\/","title":{"rendered":"Weightless Nourishing Mask &#8211; 200ml"},"content":{"rendered":"<p data-start=\"0\" data-end=\"25\"><strong data-start=\"0\" data-end=\"23\">P\u00ebrfitimet kryesore<\/strong><\/p>\n<ul data-start=\"26\" data-end=\"241\">\n<li data-start=\"26\" data-end=\"127\">\n<p data-start=\"28\" data-end=\"127\">Hidratim i leht\u00eb q\u00eb zgjat deri n\u00eb 5 larje*<br data-start=\"70\" data-end=\"73\" \/><em data-start=\"75\" data-end=\"125\">N\u00eb flok\u00eb natyral\u00eb (t\u00eb pathyer ose t\u00eb patrajtuar)<\/em><\/p>\n<\/li>\n<li data-start=\"128\" data-end=\"183\">\n<p data-start=\"130\" data-end=\"183\">Redukton dhe parandalon k\u00ebputjen edhe pas 5 larjeve<\/p>\n<\/li>\n<li data-start=\"184\" data-end=\"241\">\n<p data-start=\"186\" data-end=\"241\">Jep volum t\u00eb menj\u00ebhersh\u00ebm q\u00eb zgjat gjat\u00eb gjith\u00eb dit\u00ebs<\/p>\n<\/li>\n<\/ul>\n<hr data-start=\"243\" data-end=\"246\" \/>\n<p data-start=\"248\" data-end=\"268\"><strong data-start=\"248\" data-end=\"266\">Si ta p\u00ebrdorni<\/strong><\/p>\n<ul data-start=\"269\" data-end=\"510\">\n<li data-start=\"269\" data-end=\"370\">\n<p data-start=\"271\" data-end=\"370\">Pas shampos, aplikoni mask\u00ebn bujarisht n\u00eb flok\u00eb t\u00eb lagur, duke u p\u00ebrqendruar n\u00eb gjat\u00ebsi dhe maja.<\/p>\n<\/li>\n<li data-start=\"371\" data-end=\"432\">\n<p data-start=\"373\" data-end=\"432\">L\u00ebreni t\u00eb veproj\u00eb p\u00ebr 3\u20135 minuta, pastaj shp\u00eblajeni mir\u00eb.<\/p>\n<\/li>\n<li data-start=\"433\" data-end=\"510\">\n<p data-start=\"435\" data-end=\"510\">P\u00ebr rezultate m\u00eb t\u00eb mira, p\u00ebrdoreni nj\u00eb her\u00eb n\u00eb jav\u00eb n\u00eb vend t\u00eb balsamit.<\/p>\n<\/li>\n<\/ul>\n<hr data-start=\"512\" data-end=\"515\" \/>\n<p data-start=\"517\" data-end=\"922\"><strong data-start=\"517\" data-end=\"528\">Detajet<\/strong><br data-start=\"528\" data-end=\"531\" \/>Kjo mask\u00eb flok\u00ebsh q\u00eb jep volum t\u00eb menj\u00ebhersh\u00ebm p\u00ebr flok\u00eb t\u00eb holl\u00eb deri n\u00eb mesatar\u00eb \u00ebsht\u00eb formuluar me <strong data-start=\"633\" data-end=\"674\">Teknologjin\u00eb Biomimetike t\u00eb Kutikul\u00ebs<\/strong>, e cila vulos hidratimin e leht\u00eb dhe mbyll kutikulat e flok\u00ebve deri n\u00eb 5 larje.<br data-start=\"754\" data-end=\"757\" \/>Ajo rrit menj\u00ebher\u00eb shk\u00eblqimin, redukton k\u00ebputjen dhe ndihmon n\u00eb parandalimin e thyerjes gjat\u00eb \u00e7do larjeje, duke mb\u00ebshtetur ruajtjen e gjat\u00ebsis\u00eb me kalimin e koh\u00ebs.<\/p>\n<hr data-start=\"924\" data-end=\"927\" \/>\n<p data-start=\"929\" data-end=\"1137\"><strong data-start=\"929\" data-end=\"943\">P\u00ebrb\u00ebr\u00ebsit<\/strong><br data-start=\"943\" data-end=\"946\" \/><strong data-start=\"946\" data-end=\"985\">Teknologjia Biomimetike e Kutikul\u00ebs<\/strong><br data-start=\"985\" data-end=\"988\" \/>Vulos kutikulat deri n\u00eb 5 larje, duke mb\u00ebshtjell\u00eb \u00e7do fije p\u00ebr t\u00eb rritur hidratimin dhe p\u00ebr t\u00eb parandaluar d\u00ebmtimin e kutikul\u00ebs me kalimin e koh\u00ebs.<\/p>\n<p data-start=\"1139\" data-end=\"1347\"><strong data-start=\"1139\" data-end=\"1197\">Kompleksi p\u00ebr Rritjen e Volumit (Volume Boost Complex)<\/strong><br data-start=\"1197\" data-end=\"1200\" \/>Krijon volum t\u00eb menj\u00ebhersh\u00ebm dhe parandalon thyerjen e fijeve, duke ndihmuar n\u00eb ruajtjen e gjat\u00ebsis\u00eb dhe dend\u00ebsis\u00eb s\u00eb flok\u00ebve me kalimin e koh\u00ebs.<\/p>\n<p data-start=\"1349\" data-end=\"1513\" data-is-last-node=\"\" data-is-only-node=\"\"><strong data-start=\"1349\" data-end=\"1368\">E FORMULUAR PA:<\/strong> Sulfate, Ftalate, Fosfate, Paraben\u00eb, MIC\/MIT, Proteina.<br data-start=\"1424\" data-end=\"1427\" \/>E sigurt p\u00ebr flok\u00ebt e lyer, vegane dhe e p\u00ebrshtatshme p\u00ebr flok\u00eb t\u00eb trajtuar kimikisht.<\/p>\n","protected":false},"excerpt":{"rendered":"<p>P\u00ebrfitimet kryesore Hidratim i leht\u00eb q\u00eb zgjat deri n\u00eb 5 larje*N\u00eb flok\u00eb natyral\u00eb (t\u00eb pathyer ose t\u00eb patrajtuar) Redukton dhe parandalon k\u00ebputjen edhe pas 5 larjeve Jep volum t\u00eb menj\u00ebhersh\u00ebm q\u00eb zgjat gjat\u00eb gjith\u00eb dit\u00ebs Si ta p\u00ebrdorni Pas shampos, aplikoni mask\u00ebn bujarisht n\u00eb flok\u00eb t\u00eb lagur, duke u p\u00ebrqendruar n\u00eb gjat\u00ebsi dhe maja. L\u00ebreni<\/p>\n","protected":false},"featured_media":3901,"template":"","meta":{"om_disable_all_campaigns":false,"_monsterinsights_skip_tracking":false,"_monsterinsights_sitenote_active":false,"_monsterinsights_sitenote_note":"","_monsterinsights_sitenote_category":0},"product_brand":[],"product_cat":[526,527,537],"product_tag":[],"class_list":{"0":"post-3900","1":"product","2":"type-product","3":"status-publish","4":"has-post-thumbnail","6":"product_cat-for-her-sq","7":"product_cat-olaplex-sq","8":"product_cat-olaplex-for-her-sq","10":"first","11":"instock","12":"shipping-taxable","13":"purchasable","14":"product-type-simple","15":"prodpage-style3"},"_links":{"self":[{"href":"https:\/\/www.olaplex.al\/en\/wp-json\/wp\/v2\/product\/3900","targetHints":{"allow":["GET"]}}],"collection":[{"href":"https:\/\/www.olaplex.al\/en\/wp-json\/wp\/v2\/product"}],"about":[{"href":"https:\/\/www.olaplex.al\/en\/wp-json\/wp\/v2\/types\/product"}],"wp:featuredmedia":[{"embeddable":true,"href":"https:\/\/www.olaplex.al\/en\/wp-json\/wp\/v2\/media\/3901"}],"wp:attachment":[{"href":"https:\/\/www.olaplex.al\/en\/wp-json\/wp\/v2\/media?parent=3900"}],"wp:term":[{"taxonomy":"product_brand","embeddable":true,"href":"https:\/\/www.olaplex.al\/en\/wp-json\/wp\/v2\/product_brand?post=3900"},{"taxonomy":"product_cat","embeddable":true,"href":"https:\/\/www.olaplex.al\/en\/wp-json\/wp\/v2\/product_cat?post=3900"},{"taxonomy":"product_tag","embeddable":true,"href":"https:\/\/www.olaplex.al\/en\/wp-json\/wp\/v2\/product_tag?post=3900"}],"curies":[{"name":"wp","href":"https:\/\/api.w.org\/{rel}","templated":true}]}}