{"id":3895,"date":"2025-12-18T12:47:23","date_gmt":"2025-12-18T12:47:23","guid":{"rendered":"https:\/\/www.olaplex.al\/?post_type=product&#038;p=3895"},"modified":"2025-12-18T12:58:31","modified_gmt":"2025-12-18T12:58:31","slug":"3895","status":"publish","type":"product","link":"https:\/\/www.olaplex.al\/en\/product\/3895\/","title":{"rendered":"Rich Hydration Mask-200ml"},"content":{"rendered":"<p data-start=\"0\" data-end=\"25\"><strong data-start=\"0\" data-end=\"23\">P\u00ebrfitimet kryesore<\/strong><\/p>\n<ul data-start=\"26\" data-end=\"275\">\n<li data-start=\"26\" data-end=\"108\">\n<p data-start=\"28\" data-end=\"108\">Hidratim i menj\u00ebhersh\u00ebm q\u00eb zgjat deri n\u00eb 5 larje*<br data-start=\"77\" data-end=\"80\" \/><em data-start=\"82\" data-end=\"106\">N\u00eb flok\u00eb t\u00eb dekoloruar<\/em><\/p>\n<\/li>\n<li data-start=\"109\" data-end=\"169\">\n<p data-start=\"111\" data-end=\"169\">Forcon flok\u00ebt dhe parandalon k\u00ebputjen edhe pas 5 larjeve<\/p>\n<\/li>\n<li data-start=\"170\" data-end=\"275\">\n<p data-start=\"172\" data-end=\"275\">Jep shk\u00eblqim dhe kontroll kund\u00ebr elektricitetit statik gjat\u00eb gjith\u00eb dit\u00ebs, rezistent ndaj lag\u00ebshtir\u00ebs<\/p>\n<\/li>\n<\/ul>\n<hr data-start=\"277\" data-end=\"280\" \/>\n<p data-start=\"282\" data-end=\"302\"><strong data-start=\"282\" data-end=\"300\">Si ta p\u00ebrdorni<\/strong><\/p>\n<ul data-start=\"303\" data-end=\"544\">\n<li data-start=\"303\" data-end=\"404\">\n<p data-start=\"305\" data-end=\"404\">Pas shampos, aplikoni mask\u00ebn bujarisht n\u00eb flok\u00eb t\u00eb lagur, duke u p\u00ebrqendruar n\u00eb gjat\u00ebsi dhe maja.<\/p>\n<\/li>\n<li data-start=\"405\" data-end=\"466\">\n<p data-start=\"407\" data-end=\"466\">L\u00ebreni t\u00eb veproj\u00eb p\u00ebr 3\u20135 minuta, pastaj shp\u00eblajeni mir\u00eb.<\/p>\n<\/li>\n<li data-start=\"467\" data-end=\"544\">\n<p data-start=\"469\" data-end=\"544\">P\u00ebr rezultate m\u00eb t\u00eb mira, p\u00ebrdoreni nj\u00eb her\u00eb n\u00eb jav\u00eb n\u00eb vend t\u00eb balsamit.<\/p>\n<\/li>\n<\/ul>\n<hr data-start=\"546\" data-end=\"549\" \/>\n<p data-start=\"551\" data-end=\"1037\"><strong data-start=\"551\" data-end=\"562\">Detajet<\/strong><br data-start=\"562\" data-end=\"565\" \/>Kjo mask\u00eb restauruese dhe hidratuese p\u00ebr flok\u00eb t\u00eb that\u00eb ose p\u00ebr flok\u00eb me tekstur\u00eb mesatare deri n\u00eb t\u00eb trasha \u00ebsht\u00eb formuluar me <strong data-start=\"693\" data-end=\"734\">Teknologjin\u00eb Biomimetike t\u00eb Kutikul\u00ebs<\/strong>, e cila vulos hidratimin intensiv dhe forc\u00ebn, duke mbyllur kutikulat e flok\u00ebve deri n\u00eb 5 larje p\u00ebr t\u00eb parandaluar humbjen e lag\u00ebshtis\u00eb.<br data-start=\"870\" data-end=\"873\" \/>Kjo mask\u00eb hidratuese redukton menj\u00ebher\u00eb dhe mbron nga k\u00ebputja deri n\u00eb 5 larje, duke dhuruar shk\u00eblqim dhe kontroll kund\u00ebr elektricitetit statik gjat\u00eb gjith\u00eb dit\u00ebs.<\/p>\n<hr data-start=\"1039\" data-end=\"1042\" \/>\n<p data-start=\"1044\" data-end=\"1252\"><strong data-start=\"1044\" data-end=\"1058\">P\u00ebrb\u00ebr\u00ebsit<\/strong><br data-start=\"1058\" data-end=\"1061\" \/><strong data-start=\"1061\" data-end=\"1100\">Teknologjia Biomimetike e Kutikul\u00ebs<\/strong><br data-start=\"1100\" data-end=\"1103\" \/>Vulos kutikulat deri n\u00eb 5 larje, duke mb\u00ebshtjell\u00eb \u00e7do fije p\u00ebr t\u00eb rritur hidratimin dhe p\u00ebr t\u00eb parandaluar d\u00ebmtimin e kutikul\u00ebs me kalimin e koh\u00ebs.<\/p>\n<p data-start=\"1254\" data-end=\"1453\"><strong data-start=\"1254\" data-end=\"1298\">Kompleksi Kondicionues me Avokado &amp; Shea<\/strong><br data-start=\"1298\" data-end=\"1301\" \/>Me vajra me pesh\u00eb t\u00eb ndryshme molekulare, infuzon lag\u00ebshti t\u00eb thell\u00eb dhe i mb\u00ebshtjell flok\u00ebt me hidratim p\u00ebr but\u00ebsi t\u00eb lart\u00eb dhe nj\u00eb shk\u00eblqim natyral.<\/p>\n<p data-start=\"1455\" data-end=\"1629\" data-is-last-node=\"\" data-is-only-node=\"\"><strong data-start=\"1455\" data-end=\"1474\">E FORMULUAR PA:<\/strong> Sulfate, Silikone, Ftalate, Fosfate, Paraben\u00eb, MIC\/MIT, Proteina.<br data-start=\"1540\" data-end=\"1543\" \/>E sigurt p\u00ebr flok\u00ebt e lyer, vegane dhe e p\u00ebrshtatshme p\u00ebr flok\u00eb t\u00eb trajtuar kimikisht.<\/p>\n","protected":false},"excerpt":{"rendered":"<p>P\u00ebrfitimet kryesore Hidratim i menj\u00ebhersh\u00ebm q\u00eb zgjat deri n\u00eb 5 larje*N\u00eb flok\u00eb t\u00eb dekoloruar Forcon flok\u00ebt dhe parandalon k\u00ebputjen edhe pas 5 larjeve Jep shk\u00eblqim dhe kontroll kund\u00ebr elektricitetit statik gjat\u00eb gjith\u00eb dit\u00ebs, rezistent ndaj lag\u00ebshtir\u00ebs Si ta p\u00ebrdorni Pas shampos, aplikoni mask\u00ebn bujarisht n\u00eb flok\u00eb t\u00eb lagur, duke u p\u00ebrqendruar n\u00eb gjat\u00ebsi dhe maja.<\/p>\n","protected":false},"featured_media":3896,"template":"","meta":{"om_disable_all_campaigns":false,"_monsterinsights_skip_tracking":false,"_monsterinsights_sitenote_active":false,"_monsterinsights_sitenote_note":"","_monsterinsights_sitenote_category":0},"product_brand":[],"product_cat":[526,527,537],"product_tag":[],"class_list":{"0":"post-3895","1":"product","2":"type-product","3":"status-publish","4":"has-post-thumbnail","6":"product_cat-for-her-sq","7":"product_cat-olaplex-sq","8":"product_cat-olaplex-for-her-sq","10":"first","11":"instock","12":"shipping-taxable","13":"purchasable","14":"product-type-simple","15":"prodpage-style3"},"_links":{"self":[{"href":"https:\/\/www.olaplex.al\/en\/wp-json\/wp\/v2\/product\/3895","targetHints":{"allow":["GET"]}}],"collection":[{"href":"https:\/\/www.olaplex.al\/en\/wp-json\/wp\/v2\/product"}],"about":[{"href":"https:\/\/www.olaplex.al\/en\/wp-json\/wp\/v2\/types\/product"}],"wp:featuredmedia":[{"embeddable":true,"href":"https:\/\/www.olaplex.al\/en\/wp-json\/wp\/v2\/media\/3896"}],"wp:attachment":[{"href":"https:\/\/www.olaplex.al\/en\/wp-json\/wp\/v2\/media?parent=3895"}],"wp:term":[{"taxonomy":"product_brand","embeddable":true,"href":"https:\/\/www.olaplex.al\/en\/wp-json\/wp\/v2\/product_brand?post=3895"},{"taxonomy":"product_cat","embeddable":true,"href":"https:\/\/www.olaplex.al\/en\/wp-json\/wp\/v2\/product_cat?post=3895"},{"taxonomy":"product_tag","embeddable":true,"href":"https:\/\/www.olaplex.al\/en\/wp-json\/wp\/v2\/product_tag?post=3895"}],"curies":[{"name":"wp","href":"https:\/\/api.w.org\/{rel}","templated":true}]}}