{"id":3854,"date":"2025-11-06T14:02:23","date_gmt":"2025-11-06T14:02:23","guid":{"rendered":"https:\/\/www.olaplex.al\/?post_type=product&#038;p=3854"},"modified":"2025-11-06T14:02:23","modified_gmt":"2025-11-06T14:02:23","slug":"the-greatest-strength-set","status":"publish","type":"product","link":"https:\/\/www.olaplex.al\/en\/product\/the-greatest-strength-set\/","title":{"rendered":"The Greatest Strength Set"},"content":{"rendered":"<h3 data-start=\"157\" data-end=\"184\"><strong data-start=\"161\" data-end=\"184\">P\u00ebrfitimet kryesore<\/strong><\/h3>\n<ul data-start=\"185\" data-end=\"352\">\n<li data-start=\"185\" data-end=\"237\">\n<p data-start=\"187\" data-end=\"237\">Riparon d\u00ebmtimet e flok\u00ebve n\u00eb vet\u00ebm <strong data-start=\"223\" data-end=\"235\">3 minuta<\/strong><\/p>\n<\/li>\n<li data-start=\"238\" data-end=\"295\">\n<p data-start=\"240\" data-end=\"295\">Hidraton, zbut, ushqen dhe zgjidh flok\u00ebt e ngat\u00ebrruar<\/p>\n<\/li>\n<li data-start=\"296\" data-end=\"352\">\n<p data-start=\"298\" data-end=\"352\">Forcon dhe mbron barrier\u00ebn e skalpit dhe mikrobiom\u00ebn<\/p>\n<\/li>\n<\/ul>\n<hr data-start=\"354\" data-end=\"357\" \/>\n<h3 data-start=\"359\" data-end=\"381\"><strong data-start=\"363\" data-end=\"381\">Si ta p\u00ebrdorni<\/strong><\/h3>\n<p data-start=\"382\" data-end=\"582\"><strong data-start=\"382\" data-end=\"393\">Hapi 1:<\/strong> N\u00eb dush, p\u00ebrpara shampos, aplikoni <strong data-start=\"429\" data-end=\"453\">N\u00b0.3 HAIR PERFECTOR\u2122<\/strong> nga rr\u00ebnj\u00ebt deri te majat derisa flok\u00ebt t\u00eb jen\u00eb t\u00eb lagur mir\u00eb. L\u00ebreni t\u00eb q\u00ebndroj\u00eb p\u00ebr <strong data-start=\"540\" data-end=\"555\">3\u201310 minuta<\/strong>, pastaj shp\u00eblajeni mir\u00eb.<\/p>\n<p data-start=\"584\" data-end=\"652\"><strong data-start=\"584\" data-end=\"595\">Hapi 2:<\/strong> Pastroni flok\u00ebt me <strong data-start=\"615\" data-end=\"650\">N\u00b0.4 BOND MAINTENANCE\u00ae SHAMPOO.<\/strong><\/p>\n<p data-start=\"654\" data-end=\"720\"><strong data-start=\"654\" data-end=\"665\">Hapi 3:<\/strong> Hidratoni me <strong data-start=\"679\" data-end=\"718\">N\u00b0.5 BOND MAINTENANCE\u00ae CONDITIONER.<\/strong><\/p>\n<p data-start=\"722\" data-end=\"922\"><strong data-start=\"722\" data-end=\"733\">Hapi 4:<\/strong> Pas dushit, aplikoni <strong data-start=\"755\" data-end=\"791\">N\u00b0.0.5 SCALP LONGEVITY TREATMENT<\/strong> n\u00eb l\u00ebkur\u00ebn e kok\u00ebs p\u00ebrpara se t\u00eb stiloni flok\u00ebt e lagur.<br data-start=\"848\" data-end=\"851\" \/>Mund t\u00eb p\u00ebrdoret gjithashtu si trajtim gjat\u00eb nat\u00ebs n\u00eb flok\u00eb t\u00eb that\u00eb.<\/p>\n<hr data-start=\"924\" data-end=\"927\" \/>\n<h3 data-start=\"929\" data-end=\"944\"><strong data-start=\"933\" data-end=\"944\">Detajet<\/strong><\/h3>\n<p data-start=\"945\" data-end=\"1339\">Ky \u00ebsht\u00eb dhurimi i flok\u00ebve me pamje t\u00eb sh\u00ebndetshme nga brenda jasht\u00eb.<br data-start=\"1014\" data-end=\"1017\" \/>Riparon d\u00ebmtimet e flok\u00ebve n\u00eb nivel molekular p\u00ebr flok\u00eb m\u00eb t\u00eb fort\u00eb, me ndihm\u00ebn e <strong data-start=\"1099\" data-end=\"1123\">N\u00b0.3 HAIR PERFECTOR\u00ae<\/strong> n\u00eb madh\u00ebsi t\u00eb plot\u00eb.<br data-start=\"1144\" data-end=\"1147\" \/>Seti p\u00ebrfshin shampon dhe balsamin m\u00eb t\u00eb shitur t\u00eb <strong data-start=\"1198\" data-end=\"1209\">OLAPLEX<\/strong> n\u00eb madh\u00ebsi udh\u00ebtimi, si dhe nj\u00eb trajtim p\u00ebr skalpin e kok\u00ebs n\u00eb madh\u00ebsi prove q\u00eb hidraton menj\u00ebher\u00eb dhe ka efekt kund\u00ebr plakjes.<\/p>\n<hr data-start=\"1341\" data-end=\"1344\" \/>\n<h3 data-start=\"1346\" data-end=\"1364\"><strong data-start=\"1350\" data-end=\"1364\">P\u00ebrb\u00ebr\u00ebsit<\/strong><\/h3>\n<p data-start=\"1365\" data-end=\"1541\"><strong data-start=\"1365\" data-end=\"1417\">Teknologjia e Patentuar OLAPLEX Bond Technology\u2122<\/strong><br data-start=\"1417\" data-end=\"1420\" \/>Forcon flok\u00ebt dhe riparon d\u00ebmtimet n\u00eb nivel molekular duke rind\u00ebrtuar lidhjet disulfide q\u00eb i japin flokut forc\u00ebn e tij.<\/p>\n<p data-start=\"1543\" data-end=\"1701\"><strong data-start=\"1543\" data-end=\"1609\">P\u00ebrzierje e But\u00eb me Surfaktant\u00eb t\u00eb Derivuar nga Vaji i Kokosit<\/strong><br data-start=\"1609\" data-end=\"1612\" \/>Krijon shkum\u00eb t\u00eb leht\u00eb dhe t\u00eb bollshme q\u00eb l\u00eb skalpin dhe flok\u00ebt t\u00eb ndihen t\u00eb hidratuar.<\/p>\n<p data-start=\"1703\" data-end=\"2075\"><strong data-start=\"1703\" data-end=\"1763\">Kompleksi Ekskluziv p\u00ebr Nd\u00ebrtimin e Barrier\u00ebs s\u00eb Skalpit<\/strong><br data-start=\"1763\" data-end=\"1766\" \/>Teknologjia e patentuar <strong data-start=\"1790\" data-end=\"1827\">OLAPLEX Bond Building Technology\u00ae<\/strong> rilidh lidhjet disulfide brenda keratin\u00ebs p\u00ebr t\u00eb forcuar <strong data-start=\"1885\" data-end=\"1904\">Stratum Corneum<\/strong> \u2014 barrier\u00ebn e skalpit.<br data-start=\"1927\" data-end=\"1930\" \/>P\u00ebr m\u00eb tep\u00ebr, nj\u00eb p\u00ebrzierje acidesh yndyrore thelb\u00ebsore dhe ceramidesh siguron rigjenerim ushqyes t\u00eb lipideve p\u00ebr t\u00eb hidratuar skalpin e that\u00eb.<\/p>\n","protected":false},"excerpt":{"rendered":"<p>P\u00ebrfitimet kryesore Riparon d\u00ebmtimet e flok\u00ebve n\u00eb vet\u00ebm 3 minuta Hidraton, zbut, ushqen dhe zgjidh flok\u00ebt e ngat\u00ebrruar Forcon dhe mbron barrier\u00ebn e skalpit dhe mikrobiom\u00ebn Si ta p\u00ebrdorni Hapi 1: N\u00eb dush, p\u00ebrpara shampos, aplikoni N\u00b0.3 HAIR PERFECTOR\u2122 nga rr\u00ebnj\u00ebt deri te majat derisa flok\u00ebt t\u00eb jen\u00eb t\u00eb lagur mir\u00eb. L\u00ebreni t\u00eb q\u00ebndroj\u00eb p\u00ebr<\/p>\n","protected":false},"featured_media":3857,"template":"","meta":{"om_disable_all_campaigns":false,"_monsterinsights_skip_tracking":false,"_monsterinsights_sitenote_active":false,"_monsterinsights_sitenote_note":"","_monsterinsights_sitenote_category":0},"product_brand":[],"product_cat":[526,537],"product_tag":[],"class_list":{"0":"post-3854","1":"product","2":"type-product","3":"status-publish","4":"has-post-thumbnail","6":"product_cat-for-her-sq","7":"product_cat-olaplex-for-her-sq","9":"first","10":"instock","11":"shipping-taxable","12":"purchasable","13":"product-type-simple","14":"prodpage-style3"},"_links":{"self":[{"href":"https:\/\/www.olaplex.al\/en\/wp-json\/wp\/v2\/product\/3854","targetHints":{"allow":["GET"]}}],"collection":[{"href":"https:\/\/www.olaplex.al\/en\/wp-json\/wp\/v2\/product"}],"about":[{"href":"https:\/\/www.olaplex.al\/en\/wp-json\/wp\/v2\/types\/product"}],"wp:featuredmedia":[{"embeddable":true,"href":"https:\/\/www.olaplex.al\/en\/wp-json\/wp\/v2\/media\/3857"}],"wp:attachment":[{"href":"https:\/\/www.olaplex.al\/en\/wp-json\/wp\/v2\/media?parent=3854"}],"wp:term":[{"taxonomy":"product_brand","embeddable":true,"href":"https:\/\/www.olaplex.al\/en\/wp-json\/wp\/v2\/product_brand?post=3854"},{"taxonomy":"product_cat","embeddable":true,"href":"https:\/\/www.olaplex.al\/en\/wp-json\/wp\/v2\/product_cat?post=3854"},{"taxonomy":"product_tag","embeddable":true,"href":"https:\/\/www.olaplex.al\/en\/wp-json\/wp\/v2\/product_tag?post=3854"}],"curies":[{"name":"wp","href":"https:\/\/api.w.org\/{rel}","templated":true}]}}