{"id":3850,"date":"2025-11-06T13:57:45","date_gmt":"2025-11-06T13:57:45","guid":{"rendered":"https:\/\/www.olaplex.al\/?post_type=product&#038;p=3850"},"modified":"2025-11-06T13:58:15","modified_gmt":"2025-11-06T13:58:15","slug":"the-full-on-shine-set","status":"publish","type":"product","link":"https:\/\/www.olaplex.al\/en\/product\/the-full-on-shine-set\/","title":{"rendered":"The Full-On Shine Set"},"content":{"rendered":"<h3 data-start=\"131\" data-end=\"158\"><strong data-start=\"135\" data-end=\"158\">P\u00ebrfitimet kryesore<\/strong><\/h3>\n<ul data-start=\"159\" data-end=\"369\">\n<li data-start=\"159\" data-end=\"247\">\n<p data-start=\"161\" data-end=\"247\">Rrit menj\u00ebher\u00eb shk\u00eblqimin dhe ofron mbrojtje nga nxeht\u00ebsia deri n\u00eb <strong data-start=\"228\" data-end=\"245\">450\u00b0F \/ 232\u00b0C<\/strong><\/p>\n<\/li>\n<li data-start=\"248\" data-end=\"301\">\n<p data-start=\"250\" data-end=\"301\">Kontrollon elektrizimin dhe fijet q\u00eb dalin jasht\u00eb<\/p>\n<\/li>\n<li data-start=\"302\" data-end=\"369\">\n<p data-start=\"304\" data-end=\"369\">Redukton thyerjen, hidraton, zbut dhe e b\u00ebn flokun m\u00eb t\u00eb l\u00ebmuar<\/p>\n<\/li>\n<\/ul>\n<hr data-start=\"371\" data-end=\"374\" \/>\n<h3 data-start=\"376\" data-end=\"398\"><strong data-start=\"380\" data-end=\"398\">Si ta p\u00ebrdorni<\/strong><\/h3>\n<p data-start=\"399\" data-end=\"599\"><strong data-start=\"399\" data-end=\"410\">Hapi 1:<\/strong> N\u00eb dush, p\u00ebrpara shampos, aplikoni <strong data-start=\"446\" data-end=\"470\">N\u00b0.3 HAIR PERFECTOR\u2122<\/strong> nga rr\u00ebnj\u00ebt deri te majat derisa flok\u00ebt t\u00eb jen\u00eb t\u00eb lagur mir\u00eb. L\u00ebreni t\u00eb q\u00ebndroj\u00eb p\u00ebr <strong data-start=\"557\" data-end=\"572\">3\u201310 minuta<\/strong>, pastaj shp\u00eblajeni mir\u00eb.<\/p>\n<p data-start=\"601\" data-end=\"669\"><strong data-start=\"601\" data-end=\"612\">Hapi 2:<\/strong> Pastroni flok\u00ebt me <strong data-start=\"632\" data-end=\"667\">N\u1d3c.4 BOND MAINTENANCE\u00ae SHAMPOO.<\/strong><\/p>\n<p data-start=\"671\" data-end=\"737\"><strong data-start=\"671\" data-end=\"682\">Hapi 3:<\/strong> Hidratoni me <strong data-start=\"696\" data-end=\"735\">N\u1d3c.5 BOND MAINTENANCE\u00ae CONDITIONER.<\/strong><\/p>\n<p data-start=\"739\" data-end=\"931\"><strong data-start=\"739\" data-end=\"750\">Hapi 4:<\/strong> Pas dushit, aplikoni <strong data-start=\"772\" data-end=\"808\">N\u1d3c.0.5 SCALP LONGEVITY TREATMENT<\/strong> n\u00eb l\u00ebkur\u00ebn e kok\u00ebs p\u00ebrpara se t\u00eb stiloni flok\u00ebt e lagur. Mund t\u00eb p\u00ebrdoret edhe si trajtim gjat\u00eb nat\u00ebs n\u00eb flok\u00eb t\u00eb that\u00eb.<\/p>\n<p data-start=\"933\" data-end=\"1011\"><strong data-start=\"933\" data-end=\"944\">Hapi 5:<\/strong> Vazhdoni me nj\u00eb pomp\u00eb <strong data-start=\"967\" data-end=\"990\">N\u1d3c.6 BOND SMOOTHER\u00ae<\/strong> n\u00eb flok\u00eb t\u00eb lagur.<\/p>\n<p data-start=\"1013\" data-end=\"1142\"><strong data-start=\"1013\" data-end=\"1024\">Hapi 6:<\/strong> Para dhe\/ose pas stilimit, aplikoni <strong data-start=\"1061\" data-end=\"1108\">2\u20133 pika t\u00eb vajit OLAPLEX N\u1d3c.7 BONDING OIL\u2122<\/strong> n\u00eb flok\u00eb t\u00eb lagur ose t\u00eb that\u00eb.<\/p>\n<hr data-start=\"1144\" data-end=\"1147\" \/>\n<h3 data-start=\"1149\" data-end=\"1164\"><strong data-start=\"1153\" data-end=\"1164\">Detajet<\/strong><\/h3>\n<p data-start=\"1165\" data-end=\"1561\">Merrni (ose dhuroni) flok\u00eb me shk\u00eblqim t\u00eb sh\u00ebndetsh\u00ebm me k\u00ebt\u00eb rutin\u00eb praktike p\u00ebr udh\u00ebtim, e cila riparon, pastron dhe stilon \u00e7do lloj floku p\u00ebr flok\u00eb t\u00eb fort\u00eb dhe me shk\u00eblqim.<br data-start=\"1341\" data-end=\"1344\" \/>Seti p\u00ebrfshin madh\u00ebsi t\u00eb plota t\u00eb <strong data-start=\"1378\" data-end=\"1401\">N\u1d3c.6 BOND SMOOTHER\u00ae<\/strong> p\u00ebr kontrollin e elektricitetit statik dhe <strong data-start=\"1445\" data-end=\"1474\">OLAPLEX N\u1d3c.7 BONDING OIL\u2122<\/strong>, vajin m\u00eb t\u00eb shitur p\u00ebr shk\u00eblqim t\u00eb menj\u00ebhersh\u00ebm, but\u00ebsi dhe mbrojtje nga nxeht\u00ebsia.<\/p>\n<hr data-start=\"1563\" data-end=\"1566\" \/>\n<h3 data-start=\"1568\" data-end=\"1586\"><strong data-start=\"1572\" data-end=\"1586\">P\u00ebrb\u00ebr\u00ebsit<\/strong><\/h3>\n<p data-start=\"1587\" data-end=\"1763\"><strong data-start=\"1587\" data-end=\"1639\">Teknologjia e Patentuar OLAPLEX Bond Technology\u2122<\/strong><br data-start=\"1639\" data-end=\"1642\" \/>Forcon flok\u00ebt dhe riparon d\u00ebmtimet n\u00eb nivel molekular duke rind\u00ebrtuar lidhjet disulfide q\u00eb i japin flokut forc\u00ebn e tij.<\/p>\n<p data-start=\"1765\" data-end=\"1899\"><strong data-start=\"1765\" data-end=\"1799\">Agjent\u00eb Kondicionues Kationik\u00eb<\/strong><br data-start=\"1799\" data-end=\"1802\" \/>Zbusin flok\u00ebt dhe ofrojn\u00eb veprim antistatik p\u00ebr t\u00eb ndihmuar n\u00eb l\u00ebmimin e kutikulave t\u00eb flok\u00ebve.<\/p>\n<p data-start=\"1901\" data-end=\"2052\"><strong data-start=\"1901\" data-end=\"2004\">P\u00ebrzierje e p\u00ebrb\u00ebr\u00ebsve zbut\u00ebs me origjin\u00eb nga kokosi, vitamin\u00ebs E dhe vajit t\u00eb far\u00ebs s\u00eb lulediellit<\/strong><br data-start=\"2004\" data-end=\"2007\" \/>Kondicionon, zbut dhe jep shk\u00eblqim flok\u00ebve.<\/p>\n","protected":false},"excerpt":{"rendered":"<p>P\u00ebrfitimet kryesore Rrit menj\u00ebher\u00eb shk\u00eblqimin dhe ofron mbrojtje nga nxeht\u00ebsia deri n\u00eb 450\u00b0F \/ 232\u00b0C Kontrollon elektrizimin dhe fijet q\u00eb dalin jasht\u00eb Redukton thyerjen, hidraton, zbut dhe e b\u00ebn flokun m\u00eb t\u00eb l\u00ebmuar Si ta p\u00ebrdorni Hapi 1: N\u00eb dush, p\u00ebrpara shampos, aplikoni N\u00b0.3 HAIR PERFECTOR\u2122 nga rr\u00ebnj\u00ebt deri te majat derisa flok\u00ebt t\u00eb jen\u00eb<\/p>\n","protected":false},"featured_media":3852,"template":"","meta":{"om_disable_all_campaigns":false,"_monsterinsights_skip_tracking":false,"_monsterinsights_sitenote_active":false,"_monsterinsights_sitenote_note":"","_monsterinsights_sitenote_category":0},"product_brand":[],"product_cat":[526,537],"product_tag":[],"class_list":{"0":"post-3850","1":"product","2":"type-product","3":"status-publish","4":"has-post-thumbnail","6":"product_cat-for-her-sq","7":"product_cat-olaplex-for-her-sq","9":"first","10":"instock","11":"shipping-taxable","12":"purchasable","13":"product-type-simple","14":"prodpage-style3"},"_links":{"self":[{"href":"https:\/\/www.olaplex.al\/en\/wp-json\/wp\/v2\/product\/3850","targetHints":{"allow":["GET"]}}],"collection":[{"href":"https:\/\/www.olaplex.al\/en\/wp-json\/wp\/v2\/product"}],"about":[{"href":"https:\/\/www.olaplex.al\/en\/wp-json\/wp\/v2\/types\/product"}],"wp:featuredmedia":[{"embeddable":true,"href":"https:\/\/www.olaplex.al\/en\/wp-json\/wp\/v2\/media\/3852"}],"wp:attachment":[{"href":"https:\/\/www.olaplex.al\/en\/wp-json\/wp\/v2\/media?parent=3850"}],"wp:term":[{"taxonomy":"product_brand","embeddable":true,"href":"https:\/\/www.olaplex.al\/en\/wp-json\/wp\/v2\/product_brand?post=3850"},{"taxonomy":"product_cat","embeddable":true,"href":"https:\/\/www.olaplex.al\/en\/wp-json\/wp\/v2\/product_cat?post=3850"},{"taxonomy":"product_tag","embeddable":true,"href":"https:\/\/www.olaplex.al\/en\/wp-json\/wp\/v2\/product_tag?post=3850"}],"curies":[{"name":"wp","href":"https:\/\/api.w.org\/{rel}","templated":true}]}}