{"id":3844,"date":"2025-11-06T13:49:00","date_gmt":"2025-11-06T13:49:00","guid":{"rendered":"https:\/\/www.olaplex.al\/?post_type=product&#038;p=3844"},"modified":"2026-04-01T09:22:20","modified_gmt":"2026-04-01T09:22:20","slug":"browbond-building-serum","status":"publish","type":"product","link":"https:\/\/www.olaplex.al\/en\/product\/browbond-building-serum\/","title":{"rendered":"BROWBOND\u00ae Building Serum"},"content":{"rendered":"<h3 data-start=\"163\" data-end=\"190\"><strong data-start=\"167\" data-end=\"190\">P\u00ebrfitimet kryesore<\/strong><\/h3>\n<ul data-start=\"191\" data-end=\"391\">\n<li data-start=\"191\" data-end=\"274\">\n<p data-start=\"193\" data-end=\"274\">Vetullat duken m\u00eb t\u00eb plota, m\u00eb t\u00eb dendura dhe m\u00eb t\u00eb p\u00ebrcaktuara n\u00eb vet\u00ebm 4 jav\u00eb<\/p>\n<\/li>\n<li data-start=\"275\" data-end=\"327\">\n<p data-start=\"277\" data-end=\"327\">Nxit pamjen e vetullave m\u00eb t\u00eb buta dhe m\u00eb rinore<\/p>\n<\/li>\n<li data-start=\"328\" data-end=\"391\">\n<p data-start=\"330\" data-end=\"391\">Formon dhe skulpturon me mbajtje t\u00eb but\u00eb gjat\u00eb gjith\u00eb dit\u00ebs<\/p>\n<\/li>\n<\/ul>\n<hr data-start=\"393\" data-end=\"396\" \/>\n<h3 data-start=\"398\" data-end=\"420\"><strong data-start=\"402\" data-end=\"420\">Si ta p\u00ebrdorni<\/strong><\/h3>\n<ul data-start=\"421\" data-end=\"874\">\n<li data-start=\"421\" data-end=\"516\">\n<p data-start=\"423\" data-end=\"516\">Zhytni fur\u00e7\u00ebn nj\u00eb her\u00eb dhe krehni qimet p\u00ebrgjat\u00eb t\u00eb dy vijave t\u00eb vetullave. Mos e shp\u00eblani.<\/p>\n<\/li>\n<li data-start=\"517\" data-end=\"626\">\n<p data-start=\"519\" data-end=\"626\">L\u00ebreni t\u00eb thahet p\u00ebr 90 sekonda p\u00ebrpara se t\u00eb aplikoni produkte t\u00eb tjera p\u00ebr kujdesin e l\u00ebkur\u00ebs ose grim.<\/p>\n<\/li>\n<li data-start=\"627\" data-end=\"802\">\n<p data-start=\"629\" data-end=\"802\">P\u00ebr rezultate optimale, p\u00ebrdoreni n\u00eb m\u00ebngjes dhe n\u00eb mbr\u00ebmje, mbi l\u00ebkur\u00eb t\u00eb past\u00ebr dhe t\u00eb that\u00eb, p\u00ebr t\u00eb pakt\u00ebn 12 jav\u00eb dhe vazhdoni p\u00ebrdorimin p\u00ebr rezultate t\u00eb vazhdueshme.<\/p>\n<\/li>\n<li data-start=\"803\" data-end=\"874\">\n<p data-start=\"805\" data-end=\"874\">P\u00ebr nj\u00eb rutin\u00eb t\u00eb plot\u00eb, kombinoni me <strong data-start=\"843\" data-end=\"872\">LASHBOND\u2122 Building Serum.<\/strong><\/p>\n<\/li>\n<\/ul>\n<hr data-start=\"876\" data-end=\"879\" \/>\n<h3 data-start=\"881\" data-end=\"896\"><strong data-start=\"885\" data-end=\"896\">Detajet<\/strong><\/h3>\n<p data-start=\"897\" data-end=\"1283\">Nj\u00eb trajtim i past\u00ebr 3-n\u00eb-1 p\u00ebr vetulla \u2013 p\u00ebr p\u00ebrmir\u00ebsim, zbehjen e qimeve gri dhe stilim. Jep pamjen e vetullave m\u00eb t\u00eb plota, m\u00eb t\u00eb dendura dhe m\u00eb t\u00eb p\u00ebrcaktuara n\u00eb vet\u00ebm 4 jav\u00eb.\u00b9<br data-start=\"1077\" data-end=\"1080\" \/><strong data-start=\"1080\" data-end=\"1093\">BROWBOND\u2122<\/strong> \u00ebsht\u00eb formuluar me nj\u00eb peptid inovativ q\u00eb ndihmon n\u00eb reduktimin e shfaqjes s\u00eb qimeve gri t\u00eb reja.\u00b2<br data-start=\"1192\" data-end=\"1195\" \/>Xheli-serum me aplikues mikrofib\u00ebr n\u00eb form\u00eb fur\u00e7e skulpturon pa ngurt\u00ebsi apo cop\u00ebzime.<\/p>\n<p data-start=\"1285\" data-end=\"1343\">Testuar nga okulist\u00eb dhe dermatolog\u00eb. Pa prostaglandina.<\/p>\n<hr data-start=\"1633\" data-end=\"1636\" \/>\n<h3 data-start=\"1638\" data-end=\"1656\"><strong data-start=\"1642\" data-end=\"1656\">P\u00ebrb\u00ebr\u00ebsit<\/strong><\/h3>\n<p data-start=\"1657\" data-end=\"1808\"><strong data-start=\"1657\" data-end=\"1696\">OLAPLEX Peptide Complex Technology\u2122<\/strong><br data-start=\"1696\" data-end=\"1699\" \/>P\u00ebrzierje shum\u00ebpeptidike e patentuar p\u00ebr pamjen e vetullave m\u00eb t\u00eb plota dhe m\u00eb t\u00eb dendura n\u00eb vet\u00ebm 4 jav\u00eb.\u00b9<\/p>\n<p data-start=\"1810\" data-end=\"1934\"><strong data-start=\"1810\" data-end=\"1833\">Polimer me baz\u00eb uji<\/strong><br data-start=\"1833\" data-end=\"1836\" \/>Krijon form\u00eb dhe mbajtje fleksib\u00ebl gjat\u00eb gjith\u00eb dit\u00ebs, pa ndjesi r\u00ebndese, cop\u00ebzime apo ngurt\u00ebsi.<\/p>\n<p data-start=\"1936\" data-end=\"2155\"><strong data-start=\"1936\" data-end=\"1969\">Kompleks qet\u00ebsues p\u00ebr l\u00ebkur\u00ebn<\/strong><br data-start=\"1969\" data-end=\"1972\" \/>P\u00ebrzierje ushqyese me ekstrakt t\u00eb t\u00ebrsh\u00ebr\u00ebs, vitamina antioksidante B5 dhe B7, si dhe acid hialuronik hidratues p\u00ebr vetulla m\u00eb t\u00eb buta, m\u00eb t\u00eb l\u00ebmuara dhe me pamje m\u00eb t\u00eb sh\u00ebndetshme.<\/p>\n","protected":false},"excerpt":{"rendered":"<p>P\u00ebrfitimet kryesore Vetullat duken m\u00eb t\u00eb plota, m\u00eb t\u00eb dendura dhe m\u00eb t\u00eb p\u00ebrcaktuara n\u00eb vet\u00ebm 4 jav\u00eb Nxit pamjen e vetullave m\u00eb t\u00eb buta dhe m\u00eb rinore Formon dhe skulpturon me mbajtje t\u00eb but\u00eb gjat\u00eb gjith\u00eb dit\u00ebs Si ta p\u00ebrdorni Zhytni fur\u00e7\u00ebn nj\u00eb her\u00eb dhe krehni qimet p\u00ebrgjat\u00eb t\u00eb dy vijave t\u00eb vetullave. Mos<\/p>\n","protected":false},"featured_media":3849,"template":"","meta":{"om_disable_all_campaigns":false,"_monsterinsights_skip_tracking":false,"_monsterinsights_sitenote_active":false,"_monsterinsights_sitenote_note":"","_monsterinsights_sitenote_category":0},"product_brand":[],"product_cat":[526,537],"product_tag":[],"class_list":{"0":"post-3844","1":"product","2":"type-product","3":"status-publish","4":"has-post-thumbnail","6":"product_cat-for-her-sq","7":"product_cat-olaplex-for-her-sq","9":"first","10":"instock","11":"shipping-taxable","12":"purchasable","13":"product-type-simple","14":"prodpage-style3"},"_links":{"self":[{"href":"https:\/\/www.olaplex.al\/en\/wp-json\/wp\/v2\/product\/3844","targetHints":{"allow":["GET"]}}],"collection":[{"href":"https:\/\/www.olaplex.al\/en\/wp-json\/wp\/v2\/product"}],"about":[{"href":"https:\/\/www.olaplex.al\/en\/wp-json\/wp\/v2\/types\/product"}],"wp:featuredmedia":[{"embeddable":true,"href":"https:\/\/www.olaplex.al\/en\/wp-json\/wp\/v2\/media\/3849"}],"wp:attachment":[{"href":"https:\/\/www.olaplex.al\/en\/wp-json\/wp\/v2\/media?parent=3844"}],"wp:term":[{"taxonomy":"product_brand","embeddable":true,"href":"https:\/\/www.olaplex.al\/en\/wp-json\/wp\/v2\/product_brand?post=3844"},{"taxonomy":"product_cat","embeddable":true,"href":"https:\/\/www.olaplex.al\/en\/wp-json\/wp\/v2\/product_cat?post=3844"},{"taxonomy":"product_tag","embeddable":true,"href":"https:\/\/www.olaplex.al\/en\/wp-json\/wp\/v2\/product_tag?post=3844"}],"curies":[{"name":"wp","href":"https:\/\/api.w.org\/{rel}","templated":true}]}}