{"id":3838,"date":"2025-11-06T13:39:15","date_gmt":"2025-11-06T13:39:15","guid":{"rendered":"https:\/\/www.olaplex.al\/?post_type=product&#038;p=3838"},"modified":"2026-04-01T09:23:04","modified_gmt":"2026-04-01T09:23:04","slug":"3838","status":"publish","type":"product","link":"https:\/\/www.olaplex.al\/en\/product\/3838\/","title":{"rendered":"LASHBOND\u00ae Building Serum"},"content":{"rendered":"<h3 data-start=\"131\" data-end=\"158\"><strong data-start=\"135\" data-end=\"158\">P\u00ebrfitimet kryesore<\/strong><\/h3>\n<ul data-start=\"159\" data-end=\"331\">\n<li data-start=\"159\" data-end=\"215\">\n<p data-start=\"161\" data-end=\"215\">Jep pamjen e qerpik\u00ebve m\u00eb t\u00eb ngritur dhe m\u00eb t\u00eb gjat\u00eb<\/p>\n<\/li>\n<li data-start=\"216\" data-end=\"272\">\n<p data-start=\"218\" data-end=\"272\">Jep pamjen e qerpik\u00ebve m\u00eb t\u00eb dendur dhe m\u00eb t\u00eb trash\u00eb<\/p>\n<\/li>\n<li data-start=\"273\" data-end=\"331\">\n<p data-start=\"275\" data-end=\"331\">Jep pamjen e qerpik\u00ebve t\u00eb sh\u00ebndetsh\u00ebm dhe t\u00eb hidratuar<\/p>\n<\/li>\n<\/ul>\n<hr data-start=\"333\" data-end=\"336\" \/>\n<h3 data-start=\"338\" data-end=\"353\"><strong data-start=\"342\" data-end=\"353\">Detajet<\/strong><\/h3>\n<p data-start=\"354\" data-end=\"752\">Nj\u00eb serum i past\u00ebr dhe i leht\u00eb p\u00ebr qerpik\u00eb m\u00eb t\u00eb ushqyer dhe me pamje m\u00eb t\u00eb sh\u00ebndetshme n\u00eb vet\u00ebm 2 jav\u00eb, si dhe pamjen e qerpik\u00ebve m\u00eb t\u00eb gjat\u00eb e m\u00eb t\u00eb plot\u00eb n\u00eb vet\u00ebm 4 jav\u00eb.*<br data-start=\"528\" data-end=\"531\" \/>Ky trajtim i fuqish\u00ebm, i testuar klinikisht p\u00ebr qerpik\u00ebt, funksionon me nj\u00eb aplikim t\u00eb vet\u00ebm, dy her\u00eb n\u00eb dit\u00eb, p\u00ebrpara kujdesit t\u00eb l\u00ebkur\u00ebs dhe grimimit.<br data-start=\"683\" data-end=\"686\" \/>Formula e testuar nga okulist\u00ebt jep rezultate pa prostaglandina.<\/p>\n<p data-start=\"754\" data-end=\"932\"><em data-start=\"754\" data-end=\"932\">Rezultatet mund t\u00eb ndryshojn\u00eb. Si\u00e7 raportohet nga pjes\u00ebmarr\u00ebsit n\u00eb p\u00ebrfundim t\u00eb nj\u00eb studimi klinik perceptimi konsumatori 12-javor me 33 subjekte q\u00eb e p\u00ebrdor\u00ebn dy her\u00eb n\u00eb dit\u00eb.<\/em><\/p>\n<hr data-start=\"934\" data-end=\"937\" \/>\n<h3 data-start=\"939\" data-end=\"957\"><strong data-start=\"943\" data-end=\"957\">P\u00ebrb\u00ebr\u00ebsit<\/strong><\/h3>\n<p data-start=\"958\" data-end=\"1211\"><strong data-start=\"958\" data-end=\"997\">OLAPLEX Peptide Complex Technology\u2122<\/strong><br data-start=\"997\" data-end=\"1000\" \/>P\u00ebrzierje e patentuar e peptideve t\u00eb fuqishme n\u00eb nj\u00eb p\u00ebrqendrim shum\u00eb efektiv, e kombinuar me ekstraktin e lules s\u00eb Trumz\u00ebs s\u00eb Kuqe p\u00ebr t\u00eb mb\u00ebshtetur ciklin natyral t\u00eb rritjes dhe q\u00ebndrueshm\u00ebris\u00eb s\u00eb qerpik\u00ebve.<\/p>\n<p data-start=\"1213\" data-end=\"1354\"><strong data-start=\"1213\" data-end=\"1241\">Acid Hialuronik &amp; Biotin<\/strong><br data-start=\"1241\" data-end=\"1244\" \/>Nxit pamjen e qerpik\u00ebve t\u00eb sh\u00ebndetsh\u00ebm dhe redukton ndjesin\u00eb dhe pamjen e qerpik\u00ebve t\u00eb that\u00eb dhe t\u00eb brisht\u00eb.<\/p>\n<hr data-start=\"1846\" data-end=\"1849\" \/>\n<h3 data-start=\"1851\" data-end=\"1873\"><strong data-start=\"1855\" data-end=\"1873\">Si ta p\u00ebrdorni<\/strong><\/h3>\n<ul data-start=\"1874\" data-end=\"2370\">\n<li data-start=\"1874\" data-end=\"1901\">\n<p data-start=\"1876\" data-end=\"1901\">Zhytni fur\u00e7\u00ebn nj\u00eb her\u00eb.<\/p>\n<\/li>\n<li data-start=\"1902\" data-end=\"1994\">\n<p data-start=\"1904\" data-end=\"1994\">Aplikoni n\u00eb l\u00ebkur\u00eb p\u00ebrgjat\u00eb vij\u00ebs s\u00eb sip\u00ebrme t\u00eb qerpik\u00ebve n\u00eb t\u00eb dy syt\u00eb. Mos e shp\u00eblani.<\/p>\n<\/li>\n<li data-start=\"1995\" data-end=\"2091\">\n<p data-start=\"1997\" data-end=\"2091\">L\u00ebreni t\u00eb thahet p\u00ebr t\u00eb pakt\u00ebn 90 sekonda p\u00ebrpara se t\u00eb aplikoni produkte t\u00eb tjera p\u00ebr syt\u00eb.<\/p>\n<\/li>\n<li data-start=\"2092\" data-end=\"2162\">\n<p data-start=\"2094\" data-end=\"2162\">Nuk \u00ebsht\u00eb e nevojshme ta aplikoni n\u00eb vij\u00ebn e poshtme t\u00eb qerpik\u00ebve.<\/p>\n<\/li>\n<li data-start=\"2163\" data-end=\"2255\">\n<p data-start=\"2165\" data-end=\"2255\">P\u00ebrdoreni dy her\u00eb n\u00eb dit\u00eb, n\u00eb m\u00ebngjes dhe n\u00eb mbr\u00ebmje, mbi l\u00ebkur\u00eb t\u00eb past\u00ebr dhe t\u00eb that\u00eb.<\/p>\n<\/li>\n<li data-start=\"2256\" data-end=\"2370\">\n<p data-start=\"2258\" data-end=\"2370\">Pasi qerpik\u00ebt t\u00eb ken\u00eb arritur gjat\u00ebsin\u00eb e d\u00ebshiruar, zvog\u00ebloni p\u00ebrdorimin n\u00eb 2\u20133 her\u00eb n\u00eb jav\u00eb p\u00ebr mir\u00ebmbajtje.<\/p>\n<\/li>\n<\/ul>\n","protected":false},"excerpt":{"rendered":"<p>P\u00ebrfitimet kryesore Jep pamjen e qerpik\u00ebve m\u00eb t\u00eb ngritur dhe m\u00eb t\u00eb gjat\u00eb Jep pamjen e qerpik\u00ebve m\u00eb t\u00eb dendur dhe m\u00eb t\u00eb trash\u00eb Jep pamjen e qerpik\u00ebve t\u00eb sh\u00ebndetsh\u00ebm dhe t\u00eb hidratuar Detajet Nj\u00eb serum i past\u00ebr dhe i leht\u00eb p\u00ebr qerpik\u00eb m\u00eb t\u00eb ushqyer dhe me pamje m\u00eb t\u00eb sh\u00ebndetshme n\u00eb vet\u00ebm 2<\/p>\n","protected":false},"featured_media":3842,"template":"","meta":{"om_disable_all_campaigns":false,"_monsterinsights_skip_tracking":false,"_monsterinsights_sitenote_active":false,"_monsterinsights_sitenote_note":"","_monsterinsights_sitenote_category":0},"product_brand":[],"product_cat":[526,537],"product_tag":[],"class_list":{"0":"post-3838","1":"product","2":"type-product","3":"status-publish","4":"has-post-thumbnail","6":"product_cat-for-her-sq","7":"product_cat-olaplex-for-her-sq","9":"first","10":"instock","11":"shipping-taxable","12":"purchasable","13":"product-type-simple","14":"prodpage-style3"},"_links":{"self":[{"href":"https:\/\/www.olaplex.al\/en\/wp-json\/wp\/v2\/product\/3838","targetHints":{"allow":["GET"]}}],"collection":[{"href":"https:\/\/www.olaplex.al\/en\/wp-json\/wp\/v2\/product"}],"about":[{"href":"https:\/\/www.olaplex.al\/en\/wp-json\/wp\/v2\/types\/product"}],"wp:featuredmedia":[{"embeddable":true,"href":"https:\/\/www.olaplex.al\/en\/wp-json\/wp\/v2\/media\/3842"}],"wp:attachment":[{"href":"https:\/\/www.olaplex.al\/en\/wp-json\/wp\/v2\/media?parent=3838"}],"wp:term":[{"taxonomy":"product_brand","embeddable":true,"href":"https:\/\/www.olaplex.al\/en\/wp-json\/wp\/v2\/product_brand?post=3838"},{"taxonomy":"product_cat","embeddable":true,"href":"https:\/\/www.olaplex.al\/en\/wp-json\/wp\/v2\/product_cat?post=3838"},{"taxonomy":"product_tag","embeddable":true,"href":"https:\/\/www.olaplex.al\/en\/wp-json\/wp\/v2\/product_tag?post=3838"}],"curies":[{"name":"wp","href":"https:\/\/api.w.org\/{rel}","templated":true}]}}