{"id":3322,"date":"2025-10-14T23:39:35","date_gmt":"2025-10-14T23:39:35","guid":{"rendered":"https:\/\/www.olaplex.al\/?post_type=product&#038;p=3322"},"modified":"2026-04-01T09:02:40","modified_gmt":"2026-04-01T09:02:40","slug":"no-0-intensive-bond-building-hair-treatment-155ml","status":"publish","type":"product","link":"https:\/\/www.olaplex.al\/en\/product\/no-0-intensive-bond-building-hair-treatment-155ml\/","title":{"rendered":"No.0 Intensive Bond Building Hair Treatment 155ml"},"content":{"rendered":"<article class=\"text-token-text-primary w-full focus:outline-none [--shadow-height:45px] has-data-writing-block:pointer-events-none has-data-writing-block:-mt-(--shadow-height) has-data-writing-block:pt-(--shadow-height) [&amp;:has([data-writing-block])&gt;*]:pointer-events-auto [content-visibility:auto] supports-[content-visibility:auto]:[contain-intrinsic-size:auto_100lvh] scroll-mt-[calc(var(--header-height)+min(200px,max(70px,20svh)))]\" dir=\"auto\" tabindex=\"-1\" data-turn-id=\"request-WEB:d1ffc15b-0832-4e6e-a3c4-6a6d08ec1d06-41\" data-testid=\"conversation-turn-34\" data-scroll-anchor=\"true\" data-turn=\"assistant\">\n<div class=\"text-base my-auto mx-auto pb-10 [--thread-content-margin:--spacing(4)] thread-sm:[--thread-content-margin:--spacing(6)] thread-lg:[--thread-content-margin:--spacing(16)] px-(--thread-content-margin)\">\n<div class=\"[--thread-content-max-width:40rem] thread-lg:[--thread-content-max-width:48rem] mx-auto max-w-(--thread-content-max-width) flex-1 group\/turn-messages focus-visible:outline-hidden relative flex w-full min-w-0 flex-col agent-turn\" tabindex=\"-1\">\n<div class=\"flex max-w-full flex-col grow\">\n<div class=\"min-h-8 text-message relative flex w-full flex-col items-end gap-2 text-start break-words whitespace-normal [.text-message+&amp;]:mt-1\" dir=\"auto\" data-message-author-role=\"assistant\" data-message-id=\"add8699a-a214-43b8-b493-d28b6992e8a4\" data-message-model-slug=\"gpt-5-instant\">\n<div class=\"flex w-full flex-col gap-1 empty:hidden first:pt-[1px]\">\n<div class=\"markdown prose dark:prose-invert w-full break-words dark markdown-new-styling\">\n<p data-start=\"0\" data-end=\"25\"><strong data-start=\"0\" data-end=\"23\">P\u00ebrfitimet kryesore<\/strong><\/p>\n<ul data-start=\"27\" data-end=\"158\">\n<li data-start=\"27\" data-end=\"67\">\n<p data-start=\"29\" data-end=\"67\">Forcon efektet riparuese t\u00eb <strong data-start=\"57\" data-end=\"65\">N\u00b0.3<\/strong><\/p>\n<\/li>\n<li data-start=\"68\" data-end=\"107\">\n<p data-start=\"70\" data-end=\"107\">Forcon flok\u00ebt dhe redukton thyerjen<\/p>\n<\/li>\n<li data-start=\"108\" data-end=\"158\">\n<p data-start=\"110\" data-end=\"158\">Rind\u00ebrton lidhjet e flok\u00ebve n\u00eb nivel molekular<\/p>\n<\/li>\n<\/ul>\n<hr data-start=\"160\" data-end=\"163\" \/>\n<p data-start=\"165\" data-end=\"531\"><strong data-start=\"165\" data-end=\"176\">Detajet<\/strong><br data-start=\"176\" data-end=\"179\" \/>P\u00ebrgatit flok\u00ebt p\u00ebr riparimin m\u00eb t\u00eb thell\u00eb n\u00eb kushte sht\u00ebpie me k\u00ebt\u00eb trajtim <strong data-start=\"256\" data-end=\"273\">para-aplikimi<\/strong>, i frym\u00ebzuar nga sallonet profesionale, q\u00eb rrit efektin e <strong data-start=\"332\" data-end=\"356\">N\u00b0.3 Hair Perfector\u2122<\/strong>.<br data-start=\"357\" data-end=\"360\" \/>Formula shum\u00eb e koncentruar rind\u00ebrton <strong data-start=\"398\" data-end=\"419\">lidhjet disulfide<\/strong> p\u00ebr t\u00eb riparuar d\u00ebmtimet m\u00eb t\u00eb r\u00ebnda dhe forcon menj\u00ebher\u00eb flok\u00ebt kur <strong data-start=\"489\" data-end=\"497\">N\u00b0.0<\/strong> p\u00ebrdoret s\u00eb bashku me <strong data-start=\"520\" data-end=\"528\">N\u00b0.3<\/strong>.<\/p>\n<hr data-start=\"533\" data-end=\"536\" \/>\n<p data-start=\"538\" data-end=\"845\"><strong data-start=\"538\" data-end=\"552\">P\u00ebrb\u00ebr\u00ebsit<\/strong><br data-start=\"552\" data-end=\"555\" \/>Forcon flok\u00ebt dhe riparon d\u00ebmtimet n\u00eb nivel molekular duke rind\u00ebrtuar lidhjet disulfide q\u00eb u japin struktur\u00eb flok\u00ebve.<br data-start=\"672\" data-end=\"675\" \/>Nuk p\u00ebrmban: <strong data-start=\"688\" data-end=\"757\">sulfate, silikone, ftalate, fosfate, parabene, MIC\/MIT, proteina.<\/strong><br data-start=\"757\" data-end=\"760\" \/>I sigurt p\u00ebr ngjyr\u00ebn, <strong data-start=\"782\" data-end=\"791\">vegan<\/strong> dhe i p\u00ebrshtatsh\u00ebm p\u00ebr flok\u00eb t\u00eb trajtuar kimikisht.<\/p>\n<hr data-start=\"847\" data-end=\"850\" \/>\n<p data-start=\"852\" data-end=\"872\"><strong data-start=\"852\" data-end=\"870\">Si ta p\u00ebrdorni<\/strong><\/p>\n<ol data-start=\"873\" data-end=\"1389\" data-is-last-node=\"\" data-is-only-node=\"\">\n<li data-start=\"873\" data-end=\"969\">\n<p data-start=\"876\" data-end=\"969\">N\u00eb flok\u00eb t\u00eb that\u00eb, aplikoni dhe shp\u00ebrndani n\u00eb m\u00ebnyr\u00eb t\u00eb barabart\u00eb nga rr\u00ebnj\u00ebt deri n\u00eb maja.<\/p>\n<\/li>\n<li data-start=\"970\" data-end=\"1027\">\n<p data-start=\"973\" data-end=\"1027\">L\u00ebreni t\u00eb veproj\u00eb p\u00ebr <strong data-start=\"995\" data-end=\"1008\">10 minuta<\/strong>. Mos e shp\u00eblani.<\/p>\n<\/li>\n<li data-start=\"1028\" data-end=\"1085\">\n<p data-start=\"1031\" data-end=\"1085\">Aplikoni <strong data-start=\"1040\" data-end=\"1064\">N\u00b0.3 Hair Perfector\u2122<\/strong> dhe krehni flok\u00ebt.<\/p>\n<\/li>\n<li data-start=\"1086\" data-end=\"1161\">\n<p data-start=\"1089\" data-end=\"1161\">L\u00ebreni t\u00eb q\u00ebndroj\u00eb p\u00ebr <strong data-start=\"1112\" data-end=\"1134\">10 minuta t\u00eb tjera<\/strong>, pastaj shp\u00eblajeni mir\u00eb.<\/p>\n<\/li>\n<li data-start=\"1162\" data-end=\"1260\">\n<p data-start=\"1165\" data-end=\"1260\">Lani flok\u00ebt me <strong data-start=\"1180\" data-end=\"1214\">N\u00b0.4 Bond Maintenance\u00ae Shampoo<\/strong> dhe <strong data-start=\"1219\" data-end=\"1258\">N\u00b0.5 Bond Maintenance\u00ae Conditioner.<\/strong><\/p>\n<\/li>\n<li data-start=\"1261\" data-end=\"1389\" data-is-last-node=\"\">\n<p data-start=\"1264\" data-end=\"1389\" data-is-last-node=\"\">P\u00ebrdorni si <strong data-start=\"1276\" data-end=\"1297\">sistem me dy hapa<\/strong> bashk\u00eb me <strong data-start=\"1308\" data-end=\"1316\">N\u00b0.3<\/strong> nj\u00eb her\u00eb n\u00eb jav\u00eb, ose <strong data-start=\"1339\" data-end=\"1359\">2\u20133 her\u00eb n\u00eb jav\u00eb<\/strong> p\u00ebr flok\u00eb shum\u00eb t\u00eb d\u00ebmtuar.<\/p>\n<\/li>\n<\/ol>\n<\/div>\n<\/div>\n<\/div>\n<\/div>\n<\/div>\n<\/div>\n<\/article>\n","protected":false},"excerpt":{"rendered":"<p>P\u00ebrfitimet kryesore Forcon efektet riparuese t\u00eb N\u00b0.3 Forcon flok\u00ebt dhe redukton thyerjen Rind\u00ebrton lidhjet e flok\u00ebve n\u00eb nivel molekular DetajetP\u00ebrgatit flok\u00ebt p\u00ebr riparimin m\u00eb t\u00eb thell\u00eb n\u00eb kushte sht\u00ebpie me k\u00ebt\u00eb trajtim para-aplikimi, i frym\u00ebzuar nga sallonet profesionale, q\u00eb rrit efektin e N\u00b0.3 Hair Perfector\u2122.Formula shum\u00eb e koncentruar rind\u00ebrton lidhjet disulfide p\u00ebr t\u00eb riparuar d\u00ebmtimet<\/p>\n","protected":false},"featured_media":3584,"template":"","meta":{"om_disable_all_campaigns":false,"_monsterinsights_skip_tracking":false,"_monsterinsights_sitenote_active":false,"_monsterinsights_sitenote_note":"","_monsterinsights_sitenote_category":0},"product_brand":[],"product_cat":[537,526],"product_tag":[],"class_list":{"0":"post-3322","1":"product","2":"type-product","3":"status-publish","4":"has-post-thumbnail","6":"product_cat-olaplex-for-her-sq","7":"product_cat-for-her-sq","9":"first","10":"instock","11":"shipping-taxable","12":"purchasable","13":"product-type-simple","14":"prodpage-style3"},"_links":{"self":[{"href":"https:\/\/www.olaplex.al\/en\/wp-json\/wp\/v2\/product\/3322","targetHints":{"allow":["GET"]}}],"collection":[{"href":"https:\/\/www.olaplex.al\/en\/wp-json\/wp\/v2\/product"}],"about":[{"href":"https:\/\/www.olaplex.al\/en\/wp-json\/wp\/v2\/types\/product"}],"wp:featuredmedia":[{"embeddable":true,"href":"https:\/\/www.olaplex.al\/en\/wp-json\/wp\/v2\/media\/3584"}],"wp:attachment":[{"href":"https:\/\/www.olaplex.al\/en\/wp-json\/wp\/v2\/media?parent=3322"}],"wp:term":[{"taxonomy":"product_brand","embeddable":true,"href":"https:\/\/www.olaplex.al\/en\/wp-json\/wp\/v2\/product_brand?post=3322"},{"taxonomy":"product_cat","embeddable":true,"href":"https:\/\/www.olaplex.al\/en\/wp-json\/wp\/v2\/product_cat?post=3322"},{"taxonomy":"product_tag","embeddable":true,"href":"https:\/\/www.olaplex.al\/en\/wp-json\/wp\/v2\/product_tag?post=3322"}],"curies":[{"name":"wp","href":"https:\/\/api.w.org\/{rel}","templated":true}]}}