{"id":3318,"date":"2025-10-14T23:39:34","date_gmt":"2025-10-14T23:39:34","guid":{"rendered":"https:\/\/www.olaplex.al\/?post_type=product&#038;p=3318"},"modified":"2026-04-01T09:13:29","modified_gmt":"2026-04-01T09:13:29","slug":"no-5-bond-maintenance-conditioner-250-ml","status":"publish","type":"product","link":"https:\/\/www.olaplex.al\/en\/product\/no-5-bond-maintenance-conditioner-250-ml\/","title":{"rendered":"No.5 Bond Maintenance\u2122 Conditioner 250 ml"},"content":{"rendered":"<article class=\"text-token-text-primary w-full focus:outline-none [--shadow-height:45px] has-data-writing-block:pointer-events-none has-data-writing-block:-mt-(--shadow-height) has-data-writing-block:pt-(--shadow-height) [&amp;:has([data-writing-block])&gt;*]:pointer-events-auto [content-visibility:auto] supports-[content-visibility:auto]:[contain-intrinsic-size:auto_100lvh] scroll-mt-[calc(var(--header-height)+min(200px,max(70px,20svh)))]\" dir=\"auto\" tabindex=\"-1\" data-turn-id=\"request-WEB:d1ffc15b-0832-4e6e-a3c4-6a6d08ec1d06-51\" data-testid=\"conversation-turn-52\" data-scroll-anchor=\"true\" data-turn=\"assistant\">\n<div class=\"text-base my-auto mx-auto pb-10 [--thread-content-margin:--spacing(4)] thread-sm:[--thread-content-margin:--spacing(6)] thread-lg:[--thread-content-margin:--spacing(16)] px-(--thread-content-margin)\">\n<div class=\"[--thread-content-max-width:40rem] thread-lg:[--thread-content-max-width:48rem] mx-auto max-w-(--thread-content-max-width) flex-1 group\/turn-messages focus-visible:outline-hidden relative flex w-full min-w-0 flex-col agent-turn\" tabindex=\"-1\">\n<div class=\"flex max-w-full flex-col grow\">\n<div class=\"min-h-8 text-message relative flex w-full flex-col items-end gap-2 text-start break-words whitespace-normal [.text-message+&amp;]:mt-1\" dir=\"auto\" data-message-author-role=\"assistant\" data-message-id=\"41950bc0-4b6e-4c2b-b190-47b0b894667b\" data-message-model-slug=\"gpt-5-instant\">\n<div class=\"flex w-full flex-col gap-1 empty:hidden first:pt-[1px]\">\n<div class=\"markdown prose dark:prose-invert w-full break-words dark markdown-new-styling\">\n<p data-start=\"0\" data-end=\"25\"><strong data-start=\"0\" data-end=\"23\">P\u00ebrfitimet kryesore<\/strong><\/p>\n<ul data-start=\"27\" data-end=\"156\">\n<li data-start=\"27\" data-end=\"66\">\n<p data-start=\"29\" data-end=\"66\">Redukton thyerjen dhe forcon flok\u00ebt<\/p>\n<\/li>\n<li data-start=\"67\" data-end=\"107\">\n<p data-start=\"69\" data-end=\"107\">Ushqen, hidraton dhe mban lag\u00ebshtin\u00eb<\/p>\n<\/li>\n<li data-start=\"108\" data-end=\"156\">\n<p data-start=\"110\" data-end=\"156\">P\u00ebrmir\u00ebson krehshm\u00ebrin\u00eb dhe shton shk\u00eblqimin<\/p>\n<\/li>\n<\/ul>\n<hr data-start=\"158\" data-end=\"161\" \/>\n<p data-start=\"163\" data-end=\"566\"><strong data-start=\"163\" data-end=\"174\">Detajet<\/strong><br data-start=\"174\" data-end=\"177\" \/>Ky balsam i koncentruar dhe i sigurt p\u00ebr ngjyr\u00ebn \u00ebsht\u00eb i provuar q\u00eb redukton thyerjen dhe ushqen flok\u00ebt, duke i l\u00ebn\u00eb m\u00eb t\u00eb but\u00eb, m\u00eb t\u00eb l\u00ebmuar dhe m\u00eb t\u00eb leht\u00eb p\u00ebr t\u2019u krehur pas \u00e7do larjeje.<br data-start=\"366\" data-end=\"369\" \/>Formula e tij hidratuese p\u00ebrshtatet me t\u00eb gjitha llojet e flok\u00ebve, duke zb\u00ebrthyer fijet e ngat\u00ebrruara dhe duke i forcuar ato.<br data-start=\"494\" data-end=\"497\" \/>P\u00ebrdorni <strong data-start=\"506\" data-end=\"514\">N\u00b0.5<\/strong> pas <strong data-start=\"519\" data-end=\"527\">N\u00b0.4<\/strong> \u00e7do dit\u00eb ose sa her\u00eb q\u00eb lani flok\u00ebt.<\/p>\n<hr data-start=\"568\" data-end=\"571\" \/>\n<p data-start=\"573\" data-end=\"863\"><strong data-start=\"573\" data-end=\"587\">P\u00ebrb\u00ebr\u00ebsit<\/strong><br data-start=\"587\" data-end=\"590\" \/>T\u00ebrheqin lag\u00ebshtin\u00eb drejt flok\u00ebve p\u00ebr t\u2019i mbajtur t\u00eb hidratuar dhe p\u00ebr t\u00eb ndihmuar n\u00eb parandalimin e thyerjes.<br data-start=\"700\" data-end=\"703\" \/>Nuk p\u00ebrmban: <strong data-start=\"716\" data-end=\"775\">sulfate, ftalate, fosfate, parabene, MIC\/MIT, proteina.<\/strong><br data-start=\"775\" data-end=\"778\" \/>I sigurt p\u00ebr ngjyr\u00ebn, <strong data-start=\"800\" data-end=\"809\">vegan<\/strong> dhe i p\u00ebrshtatsh\u00ebm p\u00ebr flok\u00eb t\u00eb trajtuar kimikisht.<\/p>\n<hr data-start=\"865\" data-end=\"868\" \/>\n<p data-start=\"870\" data-end=\"890\"><strong data-start=\"870\" data-end=\"888\">Si ta p\u00ebrdorni<\/strong><\/p>\n<ol data-start=\"891\" data-end=\"1061\" data-is-last-node=\"\" data-is-only-node=\"\">\n<li data-start=\"891\" data-end=\"999\">\n<p data-start=\"894\" data-end=\"999\">Pas larjes me <strong data-start=\"908\" data-end=\"942\">N\u00b0.4 Bond Maintenance\u00ae Shampoo<\/strong>, aplikoni balsamin nga mesi i gjat\u00ebsis\u00eb deri te majat.<\/p>\n<\/li>\n<li data-start=\"1000\" data-end=\"1039\">\n<p data-start=\"1003\" data-end=\"1039\">L\u00ebreni t\u00eb q\u00ebndroj\u00eb <strong data-start=\"1022\" data-end=\"1037\">1\u20133 minuta.<\/strong><\/p>\n<\/li>\n<li data-start=\"1040\" data-end=\"1061\" data-is-last-node=\"\">\n<p data-start=\"1043\" data-end=\"1061\" data-is-last-node=\"\">Shp\u00eblajeni mir\u00eb.<\/p>\n<\/li>\n<\/ol>\n<\/div>\n<\/div>\n<\/div>\n<\/div>\n<\/div>\n<\/div>\n<\/article>\n","protected":false},"excerpt":{"rendered":"<p>P\u00ebrfitimet kryesore Redukton thyerjen dhe forcon flok\u00ebt Ushqen, hidraton dhe mban lag\u00ebshtin\u00eb P\u00ebrmir\u00ebson krehshm\u00ebrin\u00eb dhe shton shk\u00eblqimin DetajetKy balsam i koncentruar dhe i sigurt p\u00ebr ngjyr\u00ebn \u00ebsht\u00eb i provuar q\u00eb redukton thyerjen dhe ushqen flok\u00ebt, duke i l\u00ebn\u00eb m\u00eb t\u00eb but\u00eb, m\u00eb t\u00eb l\u00ebmuar dhe m\u00eb t\u00eb leht\u00eb p\u00ebr t\u2019u krehur pas \u00e7do larjeje.Formula e<\/p>\n","protected":false},"featured_media":3622,"template":"","meta":{"om_disable_all_campaigns":false,"_monsterinsights_skip_tracking":false,"_monsterinsights_sitenote_active":false,"_monsterinsights_sitenote_note":"","_monsterinsights_sitenote_category":0},"product_brand":[],"product_cat":[537,526],"product_tag":[],"class_list":{"0":"post-3318","1":"product","2":"type-product","3":"status-publish","4":"has-post-thumbnail","6":"product_cat-olaplex-for-her-sq","7":"product_cat-for-her-sq","9":"first","10":"instock","11":"shipping-taxable","12":"purchasable","13":"product-type-simple","14":"prodpage-style3"},"_links":{"self":[{"href":"https:\/\/www.olaplex.al\/en\/wp-json\/wp\/v2\/product\/3318","targetHints":{"allow":["GET"]}}],"collection":[{"href":"https:\/\/www.olaplex.al\/en\/wp-json\/wp\/v2\/product"}],"about":[{"href":"https:\/\/www.olaplex.al\/en\/wp-json\/wp\/v2\/types\/product"}],"wp:featuredmedia":[{"embeddable":true,"href":"https:\/\/www.olaplex.al\/en\/wp-json\/wp\/v2\/media\/3622"}],"wp:attachment":[{"href":"https:\/\/www.olaplex.al\/en\/wp-json\/wp\/v2\/media?parent=3318"}],"wp:term":[{"taxonomy":"product_brand","embeddable":true,"href":"https:\/\/www.olaplex.al\/en\/wp-json\/wp\/v2\/product_brand?post=3318"},{"taxonomy":"product_cat","embeddable":true,"href":"https:\/\/www.olaplex.al\/en\/wp-json\/wp\/v2\/product_cat?post=3318"},{"taxonomy":"product_tag","embeddable":true,"href":"https:\/\/www.olaplex.al\/en\/wp-json\/wp\/v2\/product_tag?post=3318"}],"curies":[{"name":"wp","href":"https:\/\/api.w.org\/{rel}","templated":true}]}}