{"id":3317,"date":"2025-10-14T23:39:34","date_gmt":"2025-10-14T23:39:34","guid":{"rendered":"https:\/\/www.olaplex.al\/?post_type=product&#038;p=3317"},"modified":"2026-04-01T09:08:32","modified_gmt":"2026-04-01T09:08:32","slug":"no-4-bond-maintenance-shampoo-250-ml","status":"publish","type":"product","link":"https:\/\/www.olaplex.al\/en\/product\/no-4-bond-maintenance-shampoo-250-ml\/","title":{"rendered":"No.4 Bond Maintenance\u2122 Shampoo 250 ml"},"content":{"rendered":"<article class=\"text-token-text-primary w-full focus:outline-none [--shadow-height:45px] has-data-writing-block:pointer-events-none has-data-writing-block:-mt-(--shadow-height) has-data-writing-block:pt-(--shadow-height) [&amp;:has([data-writing-block])&gt;*]:pointer-events-auto [content-visibility:auto] supports-[content-visibility:auto]:[contain-intrinsic-size:auto_100lvh] scroll-mt-[calc(var(--header-height)+min(200px,max(70px,20svh)))]\" dir=\"auto\" tabindex=\"-1\" data-turn-id=\"request-WEB:d1ffc15b-0832-4e6e-a3c4-6a6d08ec1d06-50\" data-testid=\"conversation-turn-50\" data-scroll-anchor=\"true\" data-turn=\"assistant\">\n<div class=\"text-base my-auto mx-auto pb-10 [--thread-content-margin:--spacing(4)] thread-sm:[--thread-content-margin:--spacing(6)] thread-lg:[--thread-content-margin:--spacing(16)] px-(--thread-content-margin)\">\n<div class=\"[--thread-content-max-width:40rem] thread-lg:[--thread-content-max-width:48rem] mx-auto max-w-(--thread-content-max-width) flex-1 group\/turn-messages focus-visible:outline-hidden relative flex w-full min-w-0 flex-col agent-turn\" tabindex=\"-1\">\n<div class=\"flex max-w-full flex-col grow\">\n<div class=\"min-h-8 text-message relative flex w-full flex-col items-end gap-2 text-start break-words whitespace-normal [.text-message+&amp;]:mt-1\" dir=\"auto\" data-message-author-role=\"assistant\" data-message-id=\"a98b9831-ecc6-4d4b-bce6-c019823d3d51\" data-message-model-slug=\"gpt-5-instant\">\n<div class=\"flex w-full flex-col gap-1 empty:hidden first:pt-[1px]\">\n<div class=\"markdown prose dark:prose-invert w-full break-words dark markdown-new-styling\">\n<article class=\"text-token-text-primary w-full focus:outline-none [--shadow-height:45px] has-data-writing-block:pointer-events-none has-data-writing-block:-mt-(--shadow-height) has-data-writing-block:pt-(--shadow-height) [&amp;:has([data-writing-block])&gt;*]:pointer-events-auto [content-visibility:auto] supports-[content-visibility:auto]:[contain-intrinsic-size:auto_100lvh] scroll-mt-[calc(var(--header-height)+min(200px,max(70px,20svh)))]\" dir=\"auto\" tabindex=\"-1\" data-turn-id=\"request-69009c13-9634-8328-b8a0-bf6417ea87af-14\" data-testid=\"conversation-turn-92\" data-scroll-anchor=\"true\" data-turn=\"assistant\">\n<div class=\"text-base my-auto mx-auto pb-10 [--thread-content-margin:--spacing(4)] thread-sm:[--thread-content-margin:--spacing(6)] thread-lg:[--thread-content-margin:--spacing(16)] px-(--thread-content-margin)\">\n<div class=\"[--thread-content-max-width:40rem] thread-lg:[--thread-content-max-width:48rem] mx-auto max-w-(--thread-content-max-width) flex-1 group\/turn-messages focus-visible:outline-hidden relative flex w-full min-w-0 flex-col agent-turn\" tabindex=\"-1\">\n<div class=\"flex max-w-full flex-col grow\">\n<div class=\"min-h-8 text-message relative flex w-full flex-col items-end gap-2 text-start break-words whitespace-normal [.text-message+&amp;]:mt-1\" dir=\"auto\" data-message-author-role=\"assistant\" data-message-id=\"e9164f9f-0f26-455a-b0a9-5fffe157b609\" data-message-model-slug=\"gpt-5-instant\">\n<div class=\"flex w-full flex-col gap-1 empty:hidden first:pt-[1px]\">\n<div class=\"markdown prose dark:prose-invert w-full break-words dark markdown-new-styling\">\n<p data-start=\"0\" data-end=\"25\"><strong data-start=\"0\" data-end=\"23\">P\u00ebrfitimet kryesore<\/strong><\/p>\n<ul data-start=\"27\" data-end=\"177\">\n<li data-start=\"27\" data-end=\"66\">\n<p data-start=\"29\" data-end=\"66\">Redukton thyerjen dhe forcon flok\u00ebt<\/p>\n<\/li>\n<li data-start=\"67\" data-end=\"117\">\n<p data-start=\"69\" data-end=\"117\">Pastron but\u00ebsisht pa hequr lag\u00ebshtin\u00eb natyrale<\/p>\n<\/li>\n<li data-start=\"118\" data-end=\"177\">\n<p data-start=\"120\" data-end=\"177\">Hidraton, zbut, ushqen dhe zb\u00ebrthen flok\u00ebt e ngat\u00ebrruar<\/p>\n<\/li>\n<\/ul>\n<hr data-start=\"179\" data-end=\"182\" \/>\n<p data-start=\"184\" data-end=\"644\"><strong data-start=\"184\" data-end=\"195\">Detajet<\/strong><br data-start=\"195\" data-end=\"198\" \/>Ky shampoo shum\u00eb i koncentruar dhe i sigurt p\u00ebr ngjyr\u00ebn \u00ebsht\u00eb i provuar q\u00eb redukton thyerjen dhe ushqen flok\u00ebt, duke i l\u00ebn\u00eb m\u00eb t\u00eb but\u00eb, m\u00eb t\u00eb l\u00ebmuar dhe me m\u00eb shum\u00eb shk\u00eblqim pas \u00e7do larjeje.<br data-start=\"388\" data-end=\"391\" \/>Formula e tij, q\u00eb krijon shkum\u00eb t\u00eb pasur, pastron but\u00ebsisht por n\u00eb m\u00ebnyr\u00eb t\u00eb thell\u00eb t\u00eb gjitha llojet e flok\u00ebve pa i thar\u00eb, duke ruajtur hidratimin e flok\u00ebve dhe t\u00eb l\u00ebkur\u00ebs s\u00eb kok\u00ebs.<br data-start=\"572\" data-end=\"575\" \/>P\u00ebrdorni s\u00eb bashku me <strong data-start=\"597\" data-end=\"605\">N\u00b0.5<\/strong> \u00e7do dit\u00eb ose sa her\u00eb q\u00eb lani flok\u00ebt.<\/p>\n<hr data-start=\"646\" data-end=\"649\" \/>\n<p data-start=\"651\" data-end=\"913\"><strong data-start=\"651\" data-end=\"665\">P\u00ebrb\u00ebr\u00ebsit<\/strong><br data-start=\"665\" data-end=\"668\" \/>Siguron shkum\u00eb t\u00eb leht\u00eb dhe t\u00eb bollshme q\u00eb l\u00eb flok\u00ebt dhe l\u00ebkur\u00ebn e kok\u00ebs t\u00eb hidratuara dhe t\u00eb pastra.<br data-start=\"769\" data-end=\"772\" \/>Nuk p\u00ebrmban: <strong data-start=\"785\" data-end=\"825\">sulfate, ftalate, parabene, MIC\/MIT.<\/strong><br data-start=\"825\" data-end=\"828\" \/>I sigurt p\u00ebr ngjyr\u00ebn, <strong data-start=\"850\" data-end=\"859\">vegan<\/strong> dhe i p\u00ebrshtatsh\u00ebm p\u00ebr flok\u00eb t\u00eb trajtuar kimikisht.<\/p>\n<hr data-start=\"915\" data-end=\"918\" \/>\n<p data-start=\"920\" data-end=\"940\"><strong data-start=\"920\" data-end=\"938\">Si ta p\u00ebrdorni<\/strong><\/p>\n<ol data-start=\"941\" data-end=\"1126\" data-is-last-node=\"\" data-is-only-node=\"\">\n<li data-start=\"941\" data-end=\"1010\">\n<p data-start=\"944\" data-end=\"1010\">Merrni nj\u00eb sasi sa nj\u00eb monedh\u00eb dhe aplikojeni n\u00eb flok\u00eb t\u00eb lagur.<\/p>\n<\/li>\n<li data-start=\"1011\" data-end=\"1060\">\n<p data-start=\"1014\" data-end=\"1060\">Krijoni shkum\u00eb t\u00eb pasur dhe shp\u00eblajeni mir\u00eb.<\/p>\n<\/li>\n<li data-start=\"1061\" data-end=\"1126\" data-is-last-node=\"\">\n<p data-start=\"1064\" data-end=\"1126\" data-is-last-node=\"\">Vazhdoni me balsamin <strong data-start=\"1085\" data-end=\"1124\">N\u00b0.5 Bond Maintenance\u00ae Conditioner.<\/strong><\/p>\n<\/li>\n<\/ol>\n<\/div>\n<\/div>\n<\/div>\n<\/div>\n<\/div>\n<\/div>\n<\/article>\n<\/div>\n<\/div>\n<\/div>\n<\/div>\n<\/div>\n<\/div>\n<\/article>\n","protected":false},"excerpt":{"rendered":"<p>P\u00ebrfitimet kryesore Redukton thyerjen dhe forcon flok\u00ebt Pastron but\u00ebsisht pa hequr lag\u00ebshtin\u00eb natyrale Hidraton, zbut, ushqen dhe zb\u00ebrthen flok\u00ebt e ngat\u00ebrruar DetajetKy shampoo shum\u00eb i koncentruar dhe i sigurt p\u00ebr ngjyr\u00ebn \u00ebsht\u00eb i provuar q\u00eb redukton thyerjen dhe ushqen flok\u00ebt, duke i l\u00ebn\u00eb m\u00eb t\u00eb but\u00eb, m\u00eb t\u00eb l\u00ebmuar dhe me m\u00eb shum\u00eb shk\u00eblqim pas<\/p>\n","protected":false},"featured_media":3619,"template":"","meta":{"om_disable_all_campaigns":false,"_monsterinsights_skip_tracking":false,"_monsterinsights_sitenote_active":false,"_monsterinsights_sitenote_note":"","_monsterinsights_sitenote_category":0},"product_brand":[],"product_cat":[537,526],"product_tag":[],"class_list":{"0":"post-3317","1":"product","2":"type-product","3":"status-publish","4":"has-post-thumbnail","6":"product_cat-olaplex-for-her-sq","7":"product_cat-for-her-sq","9":"first","10":"instock","11":"shipping-taxable","12":"purchasable","13":"product-type-simple","14":"prodpage-style3"},"_links":{"self":[{"href":"https:\/\/www.olaplex.al\/en\/wp-json\/wp\/v2\/product\/3317","targetHints":{"allow":["GET"]}}],"collection":[{"href":"https:\/\/www.olaplex.al\/en\/wp-json\/wp\/v2\/product"}],"about":[{"href":"https:\/\/www.olaplex.al\/en\/wp-json\/wp\/v2\/types\/product"}],"wp:featuredmedia":[{"embeddable":true,"href":"https:\/\/www.olaplex.al\/en\/wp-json\/wp\/v2\/media\/3619"}],"wp:attachment":[{"href":"https:\/\/www.olaplex.al\/en\/wp-json\/wp\/v2\/media?parent=3317"}],"wp:term":[{"taxonomy":"product_brand","embeddable":true,"href":"https:\/\/www.olaplex.al\/en\/wp-json\/wp\/v2\/product_brand?post=3317"},{"taxonomy":"product_cat","embeddable":true,"href":"https:\/\/www.olaplex.al\/en\/wp-json\/wp\/v2\/product_cat?post=3317"},{"taxonomy":"product_tag","embeddable":true,"href":"https:\/\/www.olaplex.al\/en\/wp-json\/wp\/v2\/product_tag?post=3317"}],"curies":[{"name":"wp","href":"https:\/\/api.w.org\/{rel}","templated":true}]}}