{"id":3316,"date":"2025-10-14T23:39:34","date_gmt":"2025-10-14T23:39:34","guid":{"rendered":"https:\/\/www.olaplex.al\/?post_type=product&#038;p=3316"},"modified":"2026-04-16T07:28:21","modified_gmt":"2026-04-16T07:28:21","slug":"no-3-hair-perfector-100ml","status":"publish","type":"product","link":"https:\/\/www.olaplex.al\/en\/product\/no-3-hair-perfector-100ml\/","title":{"rendered":"No.3 Hair Perfector 100ml"},"content":{"rendered":"<p data-start=\"0\" data-end=\"25\"><strong data-start=\"0\" data-end=\"23\">P\u00ebrfitimet kryesore<\/strong><\/p>\n<ul data-start=\"27\" data-end=\"153\">\n<li data-start=\"27\" data-end=\"75\">\n<p data-start=\"29\" data-end=\"75\">Rikthen sh\u00ebndetin e flok\u00ebve dhe i forcon ato<\/p>\n<\/li>\n<li data-start=\"76\" data-end=\"123\">\n<p data-start=\"78\" data-end=\"123\">Rikthen pamjen dhe struktur\u00ebn e sh\u00ebndetshme<\/p>\n<\/li>\n<li data-start=\"124\" data-end=\"153\">\n<p data-start=\"126\" data-end=\"153\">Ul thyerjet n\u00eb t\u00eb ardhmen<\/p>\n<\/li>\n<\/ul>\n<hr data-start=\"155\" data-end=\"158\" \/>\n<p data-start=\"160\" data-end=\"609\"><strong data-start=\"160\" data-end=\"171\">Detajet<\/strong><br data-start=\"171\" data-end=\"174\" \/>Nj\u00eb trajtim i fuqish\u00ebm dhe i provuar klinikisht <strong data-start=\"222\" data-end=\"238\">para-shampos<\/strong>, q\u00eb i l\u00eb flok\u00ebt <strong data-start=\"255\" data-end=\"277\">3 her\u00eb m\u00eb t\u00eb fort\u00eb<\/strong> pas vet\u00ebm nj\u00eb p\u00ebrdorimi.*<br data-start=\"303\" data-end=\"306\" \/><strong data-start=\"306\" data-end=\"314\">N\u00b0.3<\/strong> \u00ebsht\u00eb nd\u00ebrtuesi i plot\u00eb i lidhjeve q\u00eb riparon dhe forcon flok\u00ebt n\u00eb kushte sht\u00ebpie duke rind\u00ebrtuar t\u00eb gjitha <strong data-start=\"423\" data-end=\"457\">3 llojet e lidhjeve t\u00eb flok\u00ebve<\/strong>.<br data-start=\"458\" data-end=\"461\" \/>I formuluar p\u00ebr t\u00eb gjitha llojet e flok\u00ebve dhe nivelet e sh\u00ebndetit t\u00eb tyre, ky trajtim javor \u00ebsht\u00eb thelb\u00ebsor p\u00ebr flok\u00eb me pamje m\u00eb t\u00eb sh\u00ebndetshme.<\/p>\n<p data-start=\"611\" data-end=\"663\">*Kur p\u00ebrdoret me <strong data-start=\"629\" data-end=\"663\">N\u00b0.4 Bond Maintenance\u00ae Shampoo<\/strong><\/p>\n<hr data-start=\"665\" data-end=\"668\" \/>\n<p data-start=\"670\" data-end=\"986\"><strong data-start=\"670\" data-end=\"684\">P\u00ebrb\u00ebr\u00ebsit<\/strong><br data-start=\"684\" data-end=\"687\" \/>Forcon flok\u00ebt dhe riparon d\u00ebmtimet n\u00eb nivel molekular duke rind\u00ebrtuar <strong data-start=\"757\" data-end=\"778\">lidhjet disulfide<\/strong> q\u00eb u japin flok\u00ebve forc\u00ebn e tyre.<br data-start=\"812\" data-end=\"815\" \/>Nuk p\u00ebrmban: <strong data-start=\"828\" data-end=\"898\">SLS\/SLES, silikone, ftalate, fosfate, parabene, MIC\/MIT, proteina.<\/strong><br data-start=\"898\" data-end=\"901\" \/>I sigurt p\u00ebr ngjyr\u00ebn, <strong data-start=\"923\" data-end=\"932\">vegan<\/strong> dhe i p\u00ebrshtatsh\u00ebm p\u00ebr flok\u00eb t\u00eb trajtuar kimikisht.<\/p>\n<hr data-start=\"988\" data-end=\"991\" \/>\n<p data-start=\"993\" data-end=\"1013\"><strong data-start=\"993\" data-end=\"1011\">Si ta p\u00ebrdorni<\/strong><\/p>\n<ol data-start=\"1014\" data-end=\"1284\" data-is-last-node=\"\" data-is-only-node=\"\">\n<li data-start=\"1014\" data-end=\"1123\">\n<p data-start=\"1017\" data-end=\"1123\">N\u00eb dush, para shampos, aplikoni <strong data-start=\"1049\" data-end=\"1057\">N\u00b0.3<\/strong> nga rr\u00ebnj\u00ebt deri te majat derisa flok\u00ebt t\u00eb jen\u00eb t\u00eb lagura mir\u00eb.<\/p>\n<\/li>\n<li data-start=\"1124\" data-end=\"1188\">\n<p data-start=\"1127\" data-end=\"1188\">L\u00ebreni t\u00eb q\u00ebndroj\u00eb <strong data-start=\"1146\" data-end=\"1161\">3\u201310 minuta<\/strong>, pastaj shp\u00eblajeni mir\u00eb.<\/p>\n<\/li>\n<li data-start=\"1189\" data-end=\"1284\" data-is-last-node=\"\">\n<p data-start=\"1192\" data-end=\"1284\" data-is-last-node=\"\">Vazhdoni me <strong data-start=\"1204\" data-end=\"1238\">N\u00b0.4 Bond Maintenance\u00ae Shampoo<\/strong> dhe <strong data-start=\"1243\" data-end=\"1282\">N\u00b0.5 Bond Maintenance\u00ae Conditioner.<\/strong><\/p>\n<\/li>\n<\/ol>\n","protected":false},"excerpt":{"rendered":"<p>P\u00ebrfitimet kryesore Rikthen sh\u00ebndetin e flok\u00ebve dhe i forcon ato Rikthen pamjen dhe struktur\u00ebn e sh\u00ebndetshme Ul thyerjet n\u00eb t\u00eb ardhmen DetajetNj\u00eb trajtim i fuqish\u00ebm dhe i provuar klinikisht para-shampos, q\u00eb i l\u00eb flok\u00ebt 3 her\u00eb m\u00eb t\u00eb fort\u00eb pas vet\u00ebm nj\u00eb p\u00ebrdorimi.*N\u00b0.3 \u00ebsht\u00eb nd\u00ebrtuesi i plot\u00eb i lidhjeve q\u00eb riparon dhe forcon flok\u00ebt n\u00eb<\/p>\n","protected":false},"featured_media":3558,"template":"","meta":{"om_disable_all_campaigns":false,"_monsterinsights_skip_tracking":false,"_monsterinsights_sitenote_active":false,"_monsterinsights_sitenote_note":"","_monsterinsights_sitenote_category":0},"product_brand":[],"product_cat":[],"product_tag":[],"class_list":{"0":"post-3316","1":"product","2":"type-product","3":"status-publish","4":"has-post-thumbnail","7":"first","8":"outofstock","9":"shipping-taxable","10":"purchasable","11":"product-type-simple","12":"prodpage-style3"},"_links":{"self":[{"href":"https:\/\/www.olaplex.al\/en\/wp-json\/wp\/v2\/product\/3316","targetHints":{"allow":["GET"]}}],"collection":[{"href":"https:\/\/www.olaplex.al\/en\/wp-json\/wp\/v2\/product"}],"about":[{"href":"https:\/\/www.olaplex.al\/en\/wp-json\/wp\/v2\/types\/product"}],"wp:featuredmedia":[{"embeddable":true,"href":"https:\/\/www.olaplex.al\/en\/wp-json\/wp\/v2\/media\/3558"}],"wp:attachment":[{"href":"https:\/\/www.olaplex.al\/en\/wp-json\/wp\/v2\/media?parent=3316"}],"wp:term":[{"taxonomy":"product_brand","embeddable":true,"href":"https:\/\/www.olaplex.al\/en\/wp-json\/wp\/v2\/product_brand?post=3316"},{"taxonomy":"product_cat","embeddable":true,"href":"https:\/\/www.olaplex.al\/en\/wp-json\/wp\/v2\/product_cat?post=3316"},{"taxonomy":"product_tag","embeddable":true,"href":"https:\/\/www.olaplex.al\/en\/wp-json\/wp\/v2\/product_tag?post=3316"}],"curies":[{"name":"wp","href":"https:\/\/api.w.org\/{rel}","templated":true}]}}