{"id":2810,"date":"2024-12-30T14:41:11","date_gmt":"2024-12-30T14:41:11","guid":{"rendered":"https:\/\/www.olaplex.al\/?post_type=product&#038;p=2810"},"modified":"2025-10-11T11:04:38","modified_gmt":"2025-10-11T11:04:38","slug":"no-7-bonding-oil-big-size-60-ml","status":"publish","type":"product","link":"https:\/\/www.olaplex.al\/en\/product\/no-7-bonding-oil-big-size-60-ml\/","title":{"rendered":"No.7 Bonding Oil Big Size 60 ml"},"content":{"rendered":"<p>Nj\u00eb vaj stilues q\u00eb nuk r\u00ebndon flokun dhe me p\u00ebrqendrim t\u00eb lart\u00eb.<\/p>\n<p>Shton nj\u00eb shk\u00eblqim fantastik, zbut dhe thekson ngjyr\u00ebn e flokut.<\/p>\n<p>No7\u00a0 minimizon elektrizimin dhe majat dyshe, mbron nga rrezet UV dhe nga nxeht\u00ebsi mbi 450\u00b0F\/232\u00b0C<\/p>\n","protected":false},"excerpt":{"rendered":"<p>Nj\u00eb vaj stilues q\u00eb nuk r\u00ebndon flokun dhe me p\u00ebrqendrim t\u00eb lart\u00eb. Shton nj\u00eb shk\u00eblqim fantastik, zbut dhe thekson ngjyr\u00ebn e flokut. No7\u00a0 minimizon elektrizimin dhe majat dyshe, mbron nga rrezet UV dhe nga nxeht\u00ebsi mbi 450\u00b0F\/232\u00b0C<\/p>\n","protected":false},"featured_media":2812,"template":"","meta":{"om_disable_all_campaigns":false,"_monsterinsights_skip_tracking":false,"_monsterinsights_sitenote_active":false,"_monsterinsights_sitenote_note":"","_monsterinsights_sitenote_category":0},"product_brand":[],"product_cat":[41,16],"product_tag":[],"class_list":{"0":"post-2810","1":"product","2":"type-product","3":"status-publish","4":"has-post-thumbnail","6":"product_cat-for-her","7":"product_cat-olaplex","9":"first","10":"instock","11":"featured","12":"shipping-taxable","13":"purchasable","14":"product-type-simple","15":"prodpage-style3"},"_links":{"self":[{"href":"https:\/\/www.olaplex.al\/en\/wp-json\/wp\/v2\/product\/2810","targetHints":{"allow":["GET"]}}],"collection":[{"href":"https:\/\/www.olaplex.al\/en\/wp-json\/wp\/v2\/product"}],"about":[{"href":"https:\/\/www.olaplex.al\/en\/wp-json\/wp\/v2\/types\/product"}],"wp:featuredmedia":[{"embeddable":true,"href":"https:\/\/www.olaplex.al\/en\/wp-json\/wp\/v2\/media\/2812"}],"wp:attachment":[{"href":"https:\/\/www.olaplex.al\/en\/wp-json\/wp\/v2\/media?parent=2810"}],"wp:term":[{"taxonomy":"product_brand","embeddable":true,"href":"https:\/\/www.olaplex.al\/en\/wp-json\/wp\/v2\/product_brand?post=2810"},{"taxonomy":"product_cat","embeddable":true,"href":"https:\/\/www.olaplex.al\/en\/wp-json\/wp\/v2\/product_cat?post=2810"},{"taxonomy":"product_tag","embeddable":true,"href":"https:\/\/www.olaplex.al\/en\/wp-json\/wp\/v2\/product_tag?post=2810"}],"curies":[{"name":"wp","href":"https:\/\/api.w.org\/{rel}","templated":true}]}}