{"id":2806,"date":"2024-12-30T14:31:42","date_gmt":"2024-12-30T14:31:42","guid":{"rendered":"https:\/\/www.olaplex.al\/?post_type=product&#038;p=2806"},"modified":"2025-10-11T11:04:53","modified_gmt":"2025-10-11T11:04:53","slug":"volumizing-blow-dry-mist","status":"publish","type":"product","link":"https:\/\/www.olaplex.al\/en\/product\/volumizing-blow-dry-mist\/","title":{"rendered":"VOLUMIZING BLOW DRY MIST"},"content":{"rendered":"<h5 id=\"tw-target-text\" class=\"tw-data-text tw-text-large tw-ta\" dir=\"ltr\" data-placeholder=\"P\u00ebrkthimi\" data-ved=\"2ahUKEwj_0-aJ28-KAxXHQ_EDHf8MCT4Q3ewLegQICRAU\" aria-label=\"Teksti i p\u00ebrkthyer: Mjegull p\u00ebr tharje t\u00eb v\u00ebllimit, i mbushur me teknologjin\u00eb e patentuar OLAPLEX Bond Building\u2122, \u00ebsht\u00eb nj\u00eb mjegull riparuese thar\u00ebse me tharje q\u00eb siguron trup dhe fryrje t\u00eb q\u00ebndrueshme dhe gjithashtu mbron flok\u00ebt nga nxeht\u00ebsia, duke i l\u00ebn\u00eb ato duksh\u00ebm t\u00eb but\u00eb, me shk\u00eblqim dhe t\u00eb sh\u00ebndetsh\u00ebm.\"><span class=\"Y2IQFc\" lang=\"sq\">Nj\u00eb mist p\u00ebr volum t\u00eb flokut, me teknologjin\u00eb e patentuar OLAPLEX Bond Building\u2122,<br \/>\n\u00ebsht\u00eb nj\u00eb mist riparuese me tharje q\u00eb siguron trup dhe fryrje t\u00eb q\u00ebndrueshme dhe<br \/>\ngjithashtu mbron flok\u00ebt nga nxeht\u00ebsia, duke i l\u00ebn\u00eb ato duksh\u00ebm t\u00eb but\u00eb, me shk\u00eblqim dhe t\u00eb sh\u00ebndetsh\u00ebm.<\/span><\/h5>\n","protected":false},"excerpt":{"rendered":"<p>Nj\u00eb mist p\u00ebr volum t\u00eb flokut, me teknologjin\u00eb e patentuar OLAPLEX Bond Building\u2122, \u00ebsht\u00eb nj\u00eb mist riparuese me tharje q\u00eb siguron trup dhe fryrje t\u00eb q\u00ebndrueshme dhe gjithashtu mbron flok\u00ebt nga nxeht\u00ebsia, duke i l\u00ebn\u00eb ato duksh\u00ebm t\u00eb but\u00eb, me shk\u00eblqim dhe t\u00eb sh\u00ebndetsh\u00ebm.<\/p>\n","protected":false},"featured_media":2807,"template":"","meta":{"om_disable_all_campaigns":false,"_monsterinsights_skip_tracking":false,"_monsterinsights_sitenote_active":false,"_monsterinsights_sitenote_note":"","_monsterinsights_sitenote_category":0},"product_brand":[],"product_cat":[41,16],"product_tag":[],"class_list":{"0":"post-2806","1":"product","2":"type-product","3":"status-publish","4":"has-post-thumbnail","6":"product_cat-for-her","7":"product_cat-olaplex","9":"first","10":"instock","11":"sale","12":"featured","13":"shipping-taxable","14":"purchasable","15":"product-type-simple","16":"prodpage-style3"},"_links":{"self":[{"href":"https:\/\/www.olaplex.al\/en\/wp-json\/wp\/v2\/product\/2806","targetHints":{"allow":["GET"]}}],"collection":[{"href":"https:\/\/www.olaplex.al\/en\/wp-json\/wp\/v2\/product"}],"about":[{"href":"https:\/\/www.olaplex.al\/en\/wp-json\/wp\/v2\/types\/product"}],"wp:featuredmedia":[{"embeddable":true,"href":"https:\/\/www.olaplex.al\/en\/wp-json\/wp\/v2\/media\/2807"}],"wp:attachment":[{"href":"https:\/\/www.olaplex.al\/en\/wp-json\/wp\/v2\/media?parent=2806"}],"wp:term":[{"taxonomy":"product_brand","embeddable":true,"href":"https:\/\/www.olaplex.al\/en\/wp-json\/wp\/v2\/product_brand?post=2806"},{"taxonomy":"product_cat","embeddable":true,"href":"https:\/\/www.olaplex.al\/en\/wp-json\/wp\/v2\/product_cat?post=2806"},{"taxonomy":"product_tag","embeddable":true,"href":"https:\/\/www.olaplex.al\/en\/wp-json\/wp\/v2\/product_tag?post=2806"}],"curies":[{"name":"wp","href":"https:\/\/api.w.org\/{rel}","templated":true}]}}