{"id":2364,"date":"2023-04-15T10:22:07","date_gmt":"2023-04-15T10:22:07","guid":{"rendered":"http:\/\/olaplex.al\/?post_type=product&#038;p=2364"},"modified":"2025-10-11T11:08:59","modified_gmt":"2025-10-11T11:08:59","slug":"discovery-kit-olaplex","status":"publish","type":"product","link":"https:\/\/www.olaplex.al\/en\/product\/discovery-kit-olaplex\/","title":{"rendered":"Discovery Kit OLAPLEX"},"content":{"rendered":"<h3 class=\"product-info-highlight__heading h4\">OLAPLEX<\/h3>\n<p>Nj\u00eb mir\u00ebseardhje perfekte n\u00eb familjen e OLAPLEX p\u00ebr \u00e7do tip floku dhe \u00e7do fans tonin. Riparo d\u00ebmtimet, pastro, hidrato, stilo dhe mbro flokun t\u00ebnd me OLAPLEX Bond Building Technology\u00a0<sup>\u2122\u00a0 <\/sup>n\u00eb \u00e7do hap.<\/p>\n<p><b>KIT PERMBAN<\/b><\/p>\n<p><span style=\"font-size: small;\"><br \/>\nN\u00ba<sup>.<\/sup>3 Hair Perfector\u2122 (30 mL \/ 1 fl. oz.)<br \/>\nN\u00ba<sup>.<\/sup>4 Bond Maintenance\u00ae Shampoo (30 mL \/ 1 fl. oz.)<br \/>\nN\u00ba<sup>.<\/sup>5 Bond Maintenance\u00ae Conditioner (30 mL \/ 1 fl. oz.)<br \/>\nN\u00ba<sup>.<\/sup>4C Bond Maintenance\u00ae Clarifying Shampoo (20 mL \/ .68 fl. oz.)<br \/>\nN\u00ba<sup>.<\/sup>8 Bond Intense Moisture Mask (30 mL \/ 1 fl. oz.)<br \/>\nN\u00ba<sup>.<\/sup>6 Bond Smoother\u00ae (20 mL \/ .68 fl. oz.)<br \/>\nN\u00ba<sup>.<\/sup>7 Bonding Oil\u2122 (30 mL \/ 1 fl. oz.)<br \/>\nN\u00ba<sup>.<\/sup>9 Bond Protector Nourishing Hair Serum (20 mL \/ .68 fl. oz.)<\/span><\/p>\n<p>&nbsp;<\/p>\n","protected":false},"excerpt":{"rendered":"<p>OLAPLEX Nj\u00eb mir\u00ebseardhje perfekte n\u00eb familjen e OLAPLEX p\u00ebr \u00e7do tip floku dhe \u00e7do fans tonin. Riparo d\u00ebmtimet, pastro, hidrato, stilo dhe mbro flokun t\u00ebnd me OLAPLEX Bond Building Technology\u00a0\u2122\u00a0 n\u00eb \u00e7do hap. KIT PERMBAN N\u00ba.3 Hair Perfector\u2122 (30 mL \/ 1 fl. oz.) N\u00ba.4 Bond Maintenance\u00ae Shampoo (30 mL \/ 1 fl. oz.) N\u00ba.5<\/p>\n","protected":false},"featured_media":2366,"template":"","meta":{"om_disable_all_campaigns":false,"_monsterinsights_skip_tracking":false,"_monsterinsights_sitenote_active":false,"_monsterinsights_sitenote_note":"","_monsterinsights_sitenote_category":0},"product_brand":[],"product_cat":[41,16],"product_tag":[],"class_list":{"0":"post-2364","1":"product","2":"type-product","3":"status-publish","4":"has-post-thumbnail","6":"product_cat-for-her","7":"product_cat-olaplex","9":"first","10":"instock","11":"sale","12":"shipping-taxable","13":"purchasable","14":"product-type-simple","15":"prodpage-style3"},"_links":{"self":[{"href":"https:\/\/www.olaplex.al\/en\/wp-json\/wp\/v2\/product\/2364","targetHints":{"allow":["GET"]}}],"collection":[{"href":"https:\/\/www.olaplex.al\/en\/wp-json\/wp\/v2\/product"}],"about":[{"href":"https:\/\/www.olaplex.al\/en\/wp-json\/wp\/v2\/types\/product"}],"wp:featuredmedia":[{"embeddable":true,"href":"https:\/\/www.olaplex.al\/en\/wp-json\/wp\/v2\/media\/2366"}],"wp:attachment":[{"href":"https:\/\/www.olaplex.al\/en\/wp-json\/wp\/v2\/media?parent=2364"}],"wp:term":[{"taxonomy":"product_brand","embeddable":true,"href":"https:\/\/www.olaplex.al\/en\/wp-json\/wp\/v2\/product_brand?post=2364"},{"taxonomy":"product_cat","embeddable":true,"href":"https:\/\/www.olaplex.al\/en\/wp-json\/wp\/v2\/product_cat?post=2364"},{"taxonomy":"product_tag","embeddable":true,"href":"https:\/\/www.olaplex.al\/en\/wp-json\/wp\/v2\/product_tag?post=2364"}],"curies":[{"name":"wp","href":"https:\/\/api.w.org\/{rel}","templated":true}]}}