{"id":2333,"date":"2023-03-06T12:41:58","date_gmt":"2023-03-06T12:41:58","guid":{"rendered":"http:\/\/olaplex.al\/?post_type=product&#038;p=2333"},"modified":"2024-12-01T15:55:03","modified_gmt":"2024-12-01T15:55:03","slug":"no-4d-clean-volume-detox-dry-shampoo-250ml","status":"publish","type":"product","link":"https:\/\/www.olaplex.al\/en\/product\/no-4d-clean-volume-detox-dry-shampoo-250ml\/","title":{"rendered":"N\u00ba.4D CLEAN VOLUME DETOX DRY SHAMPOO 250ml"},"content":{"rendered":"<p id=\"tw-target-text\" class=\"tw-data-text tw-text-large tw-ta\" dir=\"ltr\" data-placeholder=\"Translation\"><strong><span class=\"Y2IQFc\" lang=\"sq\">FLOK\u00cb T\u00cb PASTER. FLOK\u00cb E SH\u00cbNDETSHME.<\/span><\/strong><\/p>\n<p class=\"tw-data-text tw-text-large tw-ta\" dir=\"ltr\" data-placeholder=\"Translation\"><span class=\"Y2IQFc\" lang=\"sq\">T<\/span><span class=\"Y2IQFc\" lang=\"sq\">eknologjia e pastrimit t\u00eb that\u00eb e leht\u00eb si aj\u00ebri p\u00ebr l\u00ebkur\u00ebn e kok\u00ebs dhe flok\u00ebt q\u00eb ndihen t\u00eb sapo lar\u00eb.<\/span><\/p>\n<p class=\"tw-data-text tw-text-large tw-ta\" dir=\"ltr\" data-placeholder=\"Translation\"><span class=\"Y2IQFc\" lang=\"sq\">Kjo shampo e sh\u00ebndetshme e that\u00eb e kok\u00ebs \u00ebsht\u00eb v\u00ebrtetuar klinikisht se nuk bllokon poret dhe nuk l\u00eb mbetje t\u00eb bardha.<\/span><\/p>\n<p class=\"tw-data-text tw-text-large tw-ta\" dir=\"ltr\" data-placeholder=\"Translation\"><span class=\"Y2IQFc\" lang=\"sq\">Nuk l\u00eb rr\u00ebnj\u00eb t\u00eb thata, pluhur ose mbetje ngrimcash. N\u00ba.4D \u00ebsht\u00eb v\u00ebrtetuar se i b\u00ebn flok\u00ebt t\u00eb duken dhe t\u00eb ndjehen t\u00eb past\u00ebr.<\/span><\/p>\n<p class=\"tw-data-text tw-text-large tw-ta\" dir=\"ltr\" data-placeholder=\"Translation\"><strong><span class=\"Y2IQFc\" lang=\"sq\">BENEFITET KRYESORE<\/span><\/strong><\/p>\n<p class=\"tw-data-text tw-text-large tw-ta\" dir=\"ltr\" data-placeholder=\"Translation\"><span class=\"Y2IQFc\" lang=\"sq\">\u2013 Trup i past\u00ebr dhe pa pesh\u00eb<\/span><\/p>\n<p class=\"tw-data-text tw-text-large tw-ta\" dir=\"ltr\" data-placeholder=\"Translation\"><span class=\"Y2IQFc\" lang=\"sq\">\u2013 Detoksifikon skalpin e kok\u00ebs<\/span><\/p>\n<p class=\"tw-data-text tw-text-large tw-ta\" dir=\"ltr\" data-placeholder=\"Translation\"><span class=\"Y2IQFc\" lang=\"sq\">\u2013 Nuk ka mbetje zhavorri ose pluhuri<\/span><\/p>\n<p class=\"tw-data-text tw-text-large tw-ta\" dir=\"ltr\" data-placeholder=\"Translation\"><span class=\"Y2IQFc\" lang=\"sq\">\u2013 Nuk ka pore t\u00eb bllokuara<\/span><\/p>\n<p class=\"tw-data-text tw-text-large tw-ta\" dir=\"ltr\" data-placeholder=\"Translation\"><strong><span class=\"Y2IQFc\" lang=\"sq\">REZULTATET E STUDIMIT T\u00cb KONSUMATOR\u00cbVE<\/span><\/strong><\/p>\n<p class=\"tw-data-text tw-text-large tw-ta\" dir=\"ltr\" data-placeholder=\"Translation\"><span class=\"Y2IQFc\" lang=\"sq\">100% nuk \u200b\u200bpan\u00eb mbetje t\u00eb bardha<\/span><\/p>\n<p class=\"tw-data-text tw-text-large tw-ta\" dir=\"ltr\" data-placeholder=\"Translation\"><span class=\"Y2IQFc\" lang=\"sq\">97% than\u00eb se flok\u00ebt e tyre dukeshin t\u00eb past\u00ebr<\/span><\/p>\n<p class=\"tw-data-text tw-text-large tw-ta\" dir=\"ltr\" data-placeholder=\"Translation\"><span class=\"Y2IQFc\" lang=\"sq\">97% pan\u00eb nj\u00eb pastrim t\u00eb yndyr\u00ebs<\/span><span class=\"Y2IQFc\" lang=\"sq\">*<\/span><\/p>\n<p class=\"tw-data-text tw-text-large tw-ta\" dir=\"ltr\" data-placeholder=\"Translation\"><span class=\"Y2IQFc\" lang=\"sq\"><strong>Sh\u00ebndeti dhe siguria juaj jan\u00eb prioriteti yn\u00eb kryesor<\/strong>.<\/span><\/p>\n<p class=\"tw-data-text tw-text-large tw-ta\" dir=\"ltr\" data-placeholder=\"Translation\"><span class=\"Y2IQFc\" lang=\"sq\">Rezultatet e testit t\u00eb benzenes: NUK U PA (&lt;0,1 ppm)<\/span><\/p>\n<p class=\"tw-data-text tw-text-large tw-ta\" dir=\"ltr\" data-placeholder=\"Translation\"><span class=\"Y2IQFc\" lang=\"sq\">*N\u00eb nj\u00eb studim t\u00eb pavarur t\u00eb perceptimit t\u00eb konsumatorit prej 30 m\/f, moshat 18+ pas 3 p\u00ebrdorimesh t\u00eb nj\u00ebpasnj\u00ebshme.<\/span><\/p>\n","protected":false},"excerpt":{"rendered":"<p>FLOK\u00cb T\u00cb PASTER. FLOK\u00cb E SH\u00cbNDETSHME. Teknologjia e pastrimit t\u00eb that\u00eb e leht\u00eb si aj\u00ebri p\u00ebr l\u00ebkur\u00ebn e kok\u00ebs dhe flok\u00ebt q\u00eb ndihen t\u00eb sapo lar\u00eb. Kjo shampo e sh\u00ebndetshme e that\u00eb e kok\u00ebs \u00ebsht\u00eb v\u00ebrtetuar klinikisht se nuk bllokon poret dhe nuk l\u00eb mbetje t\u00eb bardha. Nuk l\u00eb rr\u00ebnj\u00eb t\u00eb thata, pluhur ose mbetje<\/p>\n","protected":false},"featured_media":2334,"template":"","meta":{"om_disable_all_campaigns":false,"_monsterinsights_skip_tracking":false,"_monsterinsights_sitenote_active":false,"_monsterinsights_sitenote_note":"","_monsterinsights_sitenote_category":0},"product_brand":[],"product_cat":[41,16],"product_tag":[],"class_list":{"0":"post-2333","1":"product","2":"type-product","3":"status-publish","4":"has-post-thumbnail","6":"product_cat-for-her","7":"product_cat-olaplex","9":"first","10":"instock","11":"sale","12":"shipping-taxable","13":"purchasable","14":"product-type-simple","15":"prodpage-style3"},"_links":{"self":[{"href":"https:\/\/www.olaplex.al\/en\/wp-json\/wp\/v2\/product\/2333","targetHints":{"allow":["GET"]}}],"collection":[{"href":"https:\/\/www.olaplex.al\/en\/wp-json\/wp\/v2\/product"}],"about":[{"href":"https:\/\/www.olaplex.al\/en\/wp-json\/wp\/v2\/types\/product"}],"wp:featuredmedia":[{"embeddable":true,"href":"https:\/\/www.olaplex.al\/en\/wp-json\/wp\/v2\/media\/2334"}],"wp:attachment":[{"href":"https:\/\/www.olaplex.al\/en\/wp-json\/wp\/v2\/media?parent=2333"}],"wp:term":[{"taxonomy":"product_brand","embeddable":true,"href":"https:\/\/www.olaplex.al\/en\/wp-json\/wp\/v2\/product_brand?post=2333"},{"taxonomy":"product_cat","embeddable":true,"href":"https:\/\/www.olaplex.al\/en\/wp-json\/wp\/v2\/product_cat?post=2333"},{"taxonomy":"product_tag","embeddable":true,"href":"https:\/\/www.olaplex.al\/en\/wp-json\/wp\/v2\/product_tag?post=2333"}],"curies":[{"name":"wp","href":"https:\/\/api.w.org\/{rel}","templated":true}]}}