{"id":2327,"date":"2023-03-06T12:39:07","date_gmt":"2023-03-06T12:39:07","guid":{"rendered":"http:\/\/olaplex.al\/?post_type=product&#038;p=2327"},"modified":"2023-03-06T12:39:54","modified_gmt":"2023-03-06T12:39:54","slug":"no-4-bond-maintenance-shampoo-1000ml","status":"publish","type":"product","link":"https:\/\/www.olaplex.al\/en\/product\/no-4-bond-maintenance-shampoo-1000ml\/","title":{"rendered":"No.4 Bond Maintenance\u2122 Shampoo 1000ml"},"content":{"rendered":"<p>Nj\u00eb shampo riparuese dhe ushqyese e nivelit t\u00eb lart\u00eb.<\/p>\n<p>No4 riparon dhe mbron flokun nga stresi ditor si d\u00ebmtimin e flokut, funde t\u00eb hapura, elektrizim.<\/p>\n<p>No4 rilidh lidhjet e thyera duke e b\u00ebre flokun m\u00eb leht\u00eb t\u00eb menaxhuesh\u00ebm, me shk\u00eblqim dhe t\u00eb sh\u00ebndetsh\u00ebm n\u00eb cdo p\u00ebrdorim.<\/p>\n<p>No4 mbron ngjyr\u00ebn dhe p\u00ebrdoret p\u00ebr cdo tip floku.<\/p>\n<p>Balanca e PH: 6-6.5<\/p>\n","protected":false},"excerpt":{"rendered":"<p>Nj\u00eb shampo riparuese dhe ushqyese e nivelit t\u00eb lart\u00eb. No4 riparon dhe mbron flokun nga stresi ditor si d\u00ebmtimin e flokut, funde t\u00eb hapura, elektrizim. No4 rilidh lidhjet e thyera duke e b\u00ebre flokun m\u00eb leht\u00eb t\u00eb menaxhuesh\u00ebm, me shk\u00eblqim dhe t\u00eb sh\u00ebndetsh\u00ebm n\u00eb cdo p\u00ebrdorim. No4 mbron ngjyr\u00ebn dhe p\u00ebrdoret p\u00ebr cdo tip floku.<\/p>\n","protected":false},"featured_media":2328,"template":"","meta":{"om_disable_all_campaigns":false,"_monsterinsights_skip_tracking":false,"_monsterinsights_sitenote_active":false,"_monsterinsights_sitenote_note":"","_monsterinsights_sitenote_category":0},"product_brand":[],"product_cat":[41,16],"product_tag":[],"class_list":{"0":"post-2327","1":"product","2":"type-product","3":"status-publish","4":"has-post-thumbnail","6":"product_cat-for-her","7":"product_cat-olaplex","9":"first","10":"instock","11":"shipping-taxable","12":"purchasable","13":"product-type-simple","14":"prodpage-style3"},"_links":{"self":[{"href":"https:\/\/www.olaplex.al\/en\/wp-json\/wp\/v2\/product\/2327","targetHints":{"allow":["GET"]}}],"collection":[{"href":"https:\/\/www.olaplex.al\/en\/wp-json\/wp\/v2\/product"}],"about":[{"href":"https:\/\/www.olaplex.al\/en\/wp-json\/wp\/v2\/types\/product"}],"wp:featuredmedia":[{"embeddable":true,"href":"https:\/\/www.olaplex.al\/en\/wp-json\/wp\/v2\/media\/2328"}],"wp:attachment":[{"href":"https:\/\/www.olaplex.al\/en\/wp-json\/wp\/v2\/media?parent=2327"}],"wp:term":[{"taxonomy":"product_brand","embeddable":true,"href":"https:\/\/www.olaplex.al\/en\/wp-json\/wp\/v2\/product_brand?post=2327"},{"taxonomy":"product_cat","embeddable":true,"href":"https:\/\/www.olaplex.al\/en\/wp-json\/wp\/v2\/product_cat?post=2327"},{"taxonomy":"product_tag","embeddable":true,"href":"https:\/\/www.olaplex.al\/en\/wp-json\/wp\/v2\/product_tag?post=2327"}],"curies":[{"name":"wp","href":"https:\/\/api.w.org\/{rel}","templated":true}]}}