{"id":2133,"date":"2022-08-31T16:34:31","date_gmt":"2022-08-31T16:34:31","guid":{"rendered":"http:\/\/olaplex.al\/?post_type=product&#038;p=2133"},"modified":"2024-12-01T15:56:21","modified_gmt":"2024-12-01T15:56:21","slug":"no-4c-bond-maintenance-clarifying-shampoo","status":"publish","type":"product","link":"https:\/\/www.olaplex.al\/en\/product\/no-4c-bond-maintenance-clarifying-shampoo\/","title":{"rendered":"N\u00ba.4C BOND MAINTENANCE\u00ae CLARIFYING SHAMPOO"},"content":{"rendered":"<h3 class=\"product-info-highlight__heading h4\">Largon mbetjet. Rifreskon sh\u00ebndetin e flokut.<\/h3>\n<p>Pse floku i sh\u00ebndetsh\u00ebm zbehet, humbet ngjyr\u00eb, thahet, nuk menaxhohet, ose vajoset? Pastroni me <b>N\u00ba<sup>.<\/sup>4C Bond Maintenance<sup>\u00ae<\/sup> Clarifying Shampoo,\u00a0 <\/b>\u00a0\u00ebsht\u00eb nje teknologji e re q\u00eb rifreskon sh\u00ebndetin e flokut tuaj. Riparon flokun, largon mbetjet si metalet, vajrat dhe produktet stilizuese. N\u00ba<sup>.<\/sup>4C \u00ebsht\u00eb sulfate-free &amp; pH balanced duke mirmbajtur hidratimin e flokut.<\/p>\n<p>Me sistemin\u00a0 Broad Spectrum Clarifying System dhe teknologjine molekulare te patentuar OLAPLEX Bond Building Technology<sup>\u2122<\/sup>.<\/p>\n<p><b>\u00a0Benefitet e dukshme t\u00eb flokut:<\/b><br \/>\n\u2022 Volum dhe zbutje<br \/>\n\u2022 Rifreskim i shkelqimit<br \/>\n\u2022 Qartesi te ngjyres<br \/>\n\u2022 Pastrim i thelle i skalpit<\/p>\n","protected":false},"excerpt":{"rendered":"<p>Largon mbetjet. Rifreskon sh\u00ebndetin e flokut. Pse floku i sh\u00ebndetsh\u00ebm zbehet, humbet ngjyr\u00eb, thahet, nuk menaxhohet, ose vajoset? Pastroni me N\u00ba.4C Bond Maintenance\u00ae Clarifying Shampoo,\u00a0 \u00a0\u00ebsht\u00eb nje teknologji e re q\u00eb rifreskon sh\u00ebndetin e flokut tuaj. Riparon flokun, largon mbetjet si metalet, vajrat dhe produktet stilizuese. N\u00ba.4C \u00ebsht\u00eb sulfate-free &amp; pH balanced duke mirmbajtur hidratimin<\/p>\n","protected":false},"featured_media":2318,"template":"","meta":{"om_disable_all_campaigns":false,"_monsterinsights_skip_tracking":false,"_monsterinsights_sitenote_active":false,"_monsterinsights_sitenote_note":"","_monsterinsights_sitenote_category":0},"product_brand":[],"product_cat":[41,16],"product_tag":[],"class_list":{"0":"post-2133","1":"product","2":"type-product","3":"status-publish","4":"has-post-thumbnail","6":"product_cat-for-her","7":"product_cat-olaplex","9":"first","10":"instock","11":"sale","12":"shipping-taxable","13":"purchasable","14":"product-type-simple","15":"prodpage-style3"},"_links":{"self":[{"href":"https:\/\/www.olaplex.al\/en\/wp-json\/wp\/v2\/product\/2133","targetHints":{"allow":["GET"]}}],"collection":[{"href":"https:\/\/www.olaplex.al\/en\/wp-json\/wp\/v2\/product"}],"about":[{"href":"https:\/\/www.olaplex.al\/en\/wp-json\/wp\/v2\/types\/product"}],"wp:featuredmedia":[{"embeddable":true,"href":"https:\/\/www.olaplex.al\/en\/wp-json\/wp\/v2\/media\/2318"}],"wp:attachment":[{"href":"https:\/\/www.olaplex.al\/en\/wp-json\/wp\/v2\/media?parent=2133"}],"wp:term":[{"taxonomy":"product_brand","embeddable":true,"href":"https:\/\/www.olaplex.al\/en\/wp-json\/wp\/v2\/product_brand?post=2133"},{"taxonomy":"product_cat","embeddable":true,"href":"https:\/\/www.olaplex.al\/en\/wp-json\/wp\/v2\/product_cat?post=2133"},{"taxonomy":"product_tag","embeddable":true,"href":"https:\/\/www.olaplex.al\/en\/wp-json\/wp\/v2\/product_tag?post=2133"}],"curies":[{"name":"wp","href":"https:\/\/api.w.org\/{rel}","templated":true}]}}