{"id":1983,"date":"2022-03-31T20:22:22","date_gmt":"2022-03-31T20:22:22","guid":{"rendered":"http:\/\/olaplex.al\/?post_type=product&#038;p=1983"},"modified":"2024-12-01T15:56:35","modified_gmt":"2024-12-01T15:56:35","slug":"no-9-bond-protector-nourishing-hair-serum-90ml","status":"publish","type":"product","link":"https:\/\/www.olaplex.al\/en\/product\/no-9-bond-protector-nourishing-hair-serum-90ml\/","title":{"rendered":"N\u00ba.9 BOND PROTECTOR NOURISHING HAIR SERUM 90ml"},"content":{"rendered":"<p>Mburoj\u00eb kund\u00ebr d\u00ebmtimit t\u00eb flok\u00ebve.<\/p>\n<p>Keni par\u00eb flok\u00eb t\u00eb pajet\u00eb , t\u00eb ngat\u00ebrruar apo nj\u00eb mbajtje t\u00eb dob\u00ebt t\u00eb stilimit?<\/p>\n<p>K\u00ebto mund t\u00eb jen\u00eb shenja q\u00eb vijn\u00eb nga\u00a0 ndotja ose d\u00ebmtime nga nxeht\u00ebsisa. Mbroni flok\u00ebt tuaj nga d\u00ebmtimi i p\u00ebrditsh\u00ebm me k\u00ebt\u00eb serum flok\u00ebsh pa pesh\u00eb, leave &#8211; in\u00a0 dhe pa silikon p\u00ebr t\u00eb mbrojtur flok\u00ebt nga ndotja p\u00ebr 48 or\u00eb dhe p\u00ebr t\u00eb siguruar mbrojtje ndaj nxeht\u00ebsis\u00eb deri n\u00eb 450\u00b0F (232\u00b0C).<\/p>\n<p>Me Ekstrakt t\u00eb Algave t\u00eb Kuqe t\u00eb pasura me antioksidant\u00eb dhe teknologjin\u00eb e v\u00ebrtetuar shkenc\u00ebrisht OLAPLEX\u00ae Bond Building\u2122.<\/p>\n<p>P\u00ebrfitimet e dukshme t\u00eb flok\u00ebve<\/p>\n<p>\u2022 Shk\u00eblqim &amp; but\u00ebsi saten<br \/>\n\u2022 Memorizim t\u00eb stilimit dhe rikthim t\u00eb ka\u00e7urrelit<br \/>\n\u2022 Kund\u00ebr ngat\u00ebrrimit\u00a0 &amp; anti-statik<\/p>\n","protected":false},"excerpt":{"rendered":"<p>Mburoj\u00eb kund\u00ebr d\u00ebmtimit t\u00eb flok\u00ebve. Keni par\u00eb flok\u00eb t\u00eb pajet\u00eb , t\u00eb ngat\u00ebrruar apo nj\u00eb mbajtje t\u00eb dob\u00ebt t\u00eb stilimit? K\u00ebto mund t\u00eb jen\u00eb shenja q\u00eb vijn\u00eb nga\u00a0 ndotja ose d\u00ebmtime nga nxeht\u00ebsisa. Mbroni flok\u00ebt tuaj nga d\u00ebmtimi i p\u00ebrditsh\u00ebm me k\u00ebt\u00eb serum flok\u00ebsh pa pesh\u00eb, leave &#8211; in\u00a0 dhe pa silikon p\u00ebr t\u00eb mbrojtur<\/p>\n","protected":false},"featured_media":2319,"template":"","meta":{"om_disable_all_campaigns":false,"_monsterinsights_skip_tracking":false,"_monsterinsights_sitenote_active":false,"_monsterinsights_sitenote_note":"","_monsterinsights_sitenote_category":0},"product_brand":[],"product_cat":[41,16],"product_tag":[],"class_list":{"0":"post-1983","1":"product","2":"type-product","3":"status-publish","4":"has-post-thumbnail","6":"product_cat-for-her","7":"product_cat-olaplex","9":"first","10":"instock","11":"sale","12":"shipping-taxable","13":"purchasable","14":"product-type-simple","15":"prodpage-style3"},"_links":{"self":[{"href":"https:\/\/www.olaplex.al\/en\/wp-json\/wp\/v2\/product\/1983","targetHints":{"allow":["GET"]}}],"collection":[{"href":"https:\/\/www.olaplex.al\/en\/wp-json\/wp\/v2\/product"}],"about":[{"href":"https:\/\/www.olaplex.al\/en\/wp-json\/wp\/v2\/types\/product"}],"wp:featuredmedia":[{"embeddable":true,"href":"https:\/\/www.olaplex.al\/en\/wp-json\/wp\/v2\/media\/2319"}],"wp:attachment":[{"href":"https:\/\/www.olaplex.al\/en\/wp-json\/wp\/v2\/media?parent=1983"}],"wp:term":[{"taxonomy":"product_brand","embeddable":true,"href":"https:\/\/www.olaplex.al\/en\/wp-json\/wp\/v2\/product_brand?post=1983"},{"taxonomy":"product_cat","embeddable":true,"href":"https:\/\/www.olaplex.al\/en\/wp-json\/wp\/v2\/product_cat?post=1983"},{"taxonomy":"product_tag","embeddable":true,"href":"https:\/\/www.olaplex.al\/en\/wp-json\/wp\/v2\/product_tag?post=1983"}],"curies":[{"name":"wp","href":"https:\/\/api.w.org\/{rel}","templated":true}]}}