{"id":1767,"date":"2021-10-11T07:54:51","date_gmt":"2021-10-11T07:54:51","guid":{"rendered":"http:\/\/olaplex.al\/?post_type=product&#038;p=1767"},"modified":"2024-12-01T15:56:46","modified_gmt":"2024-12-01T15:56:46","slug":"no-4p-blonde-enhancer-toning-shampoo-250ml","status":"publish","type":"product","link":"https:\/\/www.olaplex.al\/en\/product\/no-4p-blonde-enhancer-toning-shampoo-250ml\/","title":{"rendered":"No.4P Blonde Enhancer Toning Shampoo 250ml"},"content":{"rendered":"<p>Bjondet e pathyeshme<br \/>\nShampo violet me p\u00ebrqendrim t\u00eb lart\u00eb, pastron, tonifikon dhe riparon duke i mbajtur flok\u00ebt t\u00eb hidratuar nga rr\u00ebnj\u00ebt deri n\u00eb skajet.<\/p>\n<p>Formula pa sulfate krijon nj\u00eb shkum\u00eb t\u00eb pasur p\u00ebr t\u00eb neutralizuar tonet e pad\u00ebshuar dhe p\u00ebr t\u00eb rritur shk\u00eblqimin pas nj\u00eb p\u00ebrdorimi p\u00ebr t\u00eb gjith\u00eb flok\u00ebt bjonde, t\u00eb ndri\u00e7uar dhe gri.<\/p>\n<p>E v\u00ebrtetuar shkenc\u00ebrisht:<br \/>\n3x m\u00eb e ndritshme*<br \/>\n*Krahasuar me shampot violet t\u00eb tjer\u00eb.<\/p>\n","protected":false},"excerpt":{"rendered":"<p>Bjondet e pathyeshme Shampo violet me p\u00ebrqendrim t\u00eb lart\u00eb, pastron, tonifikon dhe riparon duke i mbajtur flok\u00ebt t\u00eb hidratuar nga rr\u00ebnj\u00ebt deri n\u00eb skajet. Formula pa sulfate krijon nj\u00eb shkum\u00eb t\u00eb pasur p\u00ebr t\u00eb neutralizuar tonet e pad\u00ebshuar dhe p\u00ebr t\u00eb rritur shk\u00eblqimin pas nj\u00eb p\u00ebrdorimi p\u00ebr t\u00eb gjith\u00eb flok\u00ebt bjonde, t\u00eb ndri\u00e7uar dhe gri.<\/p>\n","protected":false},"featured_media":2320,"template":"","meta":{"om_disable_all_campaigns":false,"_monsterinsights_skip_tracking":false,"_monsterinsights_sitenote_active":false,"_monsterinsights_sitenote_note":"","_monsterinsights_sitenote_category":0},"product_brand":[],"product_cat":[41,16],"product_tag":[],"class_list":{"0":"post-1767","1":"product","2":"type-product","3":"status-publish","4":"has-post-thumbnail","6":"product_cat-for-her","7":"product_cat-olaplex","9":"first","10":"instock","11":"sale","12":"shipping-taxable","13":"purchasable","14":"product-type-simple","15":"prodpage-style3"},"_links":{"self":[{"href":"https:\/\/www.olaplex.al\/en\/wp-json\/wp\/v2\/product\/1767","targetHints":{"allow":["GET"]}}],"collection":[{"href":"https:\/\/www.olaplex.al\/en\/wp-json\/wp\/v2\/product"}],"about":[{"href":"https:\/\/www.olaplex.al\/en\/wp-json\/wp\/v2\/types\/product"}],"wp:featuredmedia":[{"embeddable":true,"href":"https:\/\/www.olaplex.al\/en\/wp-json\/wp\/v2\/media\/2320"}],"wp:attachment":[{"href":"https:\/\/www.olaplex.al\/en\/wp-json\/wp\/v2\/media?parent=1767"}],"wp:term":[{"taxonomy":"product_brand","embeddable":true,"href":"https:\/\/www.olaplex.al\/en\/wp-json\/wp\/v2\/product_brand?post=1767"},{"taxonomy":"product_cat","embeddable":true,"href":"https:\/\/www.olaplex.al\/en\/wp-json\/wp\/v2\/product_cat?post=1767"},{"taxonomy":"product_tag","embeddable":true,"href":"https:\/\/www.olaplex.al\/en\/wp-json\/wp\/v2\/product_tag?post=1767"}],"curies":[{"name":"wp","href":"https:\/\/api.w.org\/{rel}","templated":true}]}}