{"id":1598,"date":"2021-04-29T14:27:31","date_gmt":"2021-04-29T14:27:31","guid":{"rendered":"http:\/\/olaplex.al\/?post_type=product&#038;p=1598"},"modified":"2024-12-01T16:01:29","modified_gmt":"2024-12-01T16:01:29","slug":"trial-kit-home-use","status":"publish","type":"product","link":"https:\/\/www.olaplex.al\/en\/product\/trial-kit-home-use\/","title":{"rendered":"Trial Kit home use"},"content":{"rendered":"<p>Trial kit home use \u00ebsht\u00eb nj\u00eb kombinim i produkteve<\/p>\n<p>No.3, No.4, No.5, No.6 ne sasi 30ml\u00a0 p\u00ebr k\u00ebdo q\u00eb k\u00ebrkon t\u00eb provoj<\/p>\n<p>produktet\u00a0 Olaplex.<\/p>\n<p>&nbsp;<\/p>\n","protected":false},"excerpt":{"rendered":"<p>Trial kit home use \u00ebsht\u00eb nj\u00eb kombinim i produkteve No.3, No.4, No.5, No.6 ne sasi 30ml\u00a0 p\u00ebr k\u00ebdo q\u00eb k\u00ebrkon t\u00eb provoj produktet\u00a0 Olaplex. &nbsp;<\/p>\n","protected":false},"featured_media":1599,"template":"","meta":{"om_disable_all_campaigns":false,"_monsterinsights_skip_tracking":false,"_monsterinsights_sitenote_active":false,"_monsterinsights_sitenote_note":"","_monsterinsights_sitenote_category":0},"product_brand":[],"product_cat":[41,16],"product_tag":[],"class_list":{"0":"post-1598","1":"product","2":"type-product","3":"status-publish","4":"has-post-thumbnail","6":"product_cat-for-her","7":"product_cat-olaplex","9":"first","10":"instock","11":"sale","12":"shipping-taxable","13":"purchasable","14":"product-type-simple","15":"prodpage-style3"},"_links":{"self":[{"href":"https:\/\/www.olaplex.al\/en\/wp-json\/wp\/v2\/product\/1598","targetHints":{"allow":["GET"]}}],"collection":[{"href":"https:\/\/www.olaplex.al\/en\/wp-json\/wp\/v2\/product"}],"about":[{"href":"https:\/\/www.olaplex.al\/en\/wp-json\/wp\/v2\/types\/product"}],"wp:featuredmedia":[{"embeddable":true,"href":"https:\/\/www.olaplex.al\/en\/wp-json\/wp\/v2\/media\/1599"}],"wp:attachment":[{"href":"https:\/\/www.olaplex.al\/en\/wp-json\/wp\/v2\/media?parent=1598"}],"wp:term":[{"taxonomy":"product_brand","embeddable":true,"href":"https:\/\/www.olaplex.al\/en\/wp-json\/wp\/v2\/product_brand?post=1598"},{"taxonomy":"product_cat","embeddable":true,"href":"https:\/\/www.olaplex.al\/en\/wp-json\/wp\/v2\/product_cat?post=1598"},{"taxonomy":"product_tag","embeddable":true,"href":"https:\/\/www.olaplex.al\/en\/wp-json\/wp\/v2\/product_tag?post=1598"}],"curies":[{"name":"wp","href":"https:\/\/api.w.org\/{rel}","templated":true}]}}