{"id":1593,"date":"2021-04-29T14:15:49","date_gmt":"2021-04-29T14:15:49","guid":{"rendered":"http:\/\/olaplex.al\/?post_type=product&#038;p=1593"},"modified":"2024-12-01T16:00:38","modified_gmt":"2024-12-01T16:00:38","slug":"no8-bond-intense-moisture-mask-100ml","status":"publish","type":"product","link":"https:\/\/www.olaplex.al\/en\/product\/no8-bond-intense-moisture-mask-100ml\/","title":{"rendered":"No8 Bond Intense Moisture Mask 100ml"},"content":{"rendered":"<p>Nj\u00eb mask\u00eb me shume benefite dhe riparuese p\u00ebr flok\u00ebt!<\/p>\n<p>&nbsp;<\/p>\n<p>P\u00ebrmban teknologjin\u00eb e patentuar OLAPLEX Bond Building,<\/p>\n<p>kjo mask\u00eb riparuese shum\u00eb e p\u00ebrqendruar shton shk\u00eblqim, but\u00ebsi dhe trup<\/p>\n<p>nd\u00ebrsa ofron ushqim intesiv p\u00ebr t\u00eb trajtuar flok\u00ebt e d\u00ebmtuar.<\/p>\n<p>Flok\u00ebt shume t\u00eb sh\u00ebndetsh\u00ebm, ju mund ti stiloni ne cdo moment.<\/p>\n<p>Bazuar n\u00eb rezultatet klinike:<\/p>\n<p>Shk\u00eblqim 2x *<\/p>\n<p>Ushqim\u00a0\u00a0\u00a0 4x<\/p>\n<p>6x me shume zbutje *<\/p>\n<p>dhe 94% pan\u00eb m\u00eb shum\u00eb Trup **<\/p>\n<p>*Sipas nj\u00eb studimi t\u00eb pavarur klinik duke p\u00ebrdorur instrumente.<\/p>\n<p>** Sipas nj\u00eb testi konsumatoresh me 80 persona (stilist\u00eb t\u00eb flok\u00ebve dhe konsumator\u00eb t\u00eb fundit)<\/p>\n","protected":false},"excerpt":{"rendered":"<p>Nj\u00eb mask\u00eb me shume benefite dhe riparuese p\u00ebr flok\u00ebt! &nbsp; P\u00ebrmban teknologjin\u00eb e patentuar OLAPLEX Bond Building, kjo mask\u00eb riparuese shum\u00eb e p\u00ebrqendruar shton shk\u00eblqim, but\u00ebsi dhe trup nd\u00ebrsa ofron ushqim intesiv p\u00ebr t\u00eb trajtuar flok\u00ebt e d\u00ebmtuar. Flok\u00ebt shume t\u00eb sh\u00ebndetsh\u00ebm, ju mund ti stiloni ne cdo moment. Bazuar n\u00eb rezultatet klinike: Shk\u00eblqim 2x<\/p>\n","protected":false},"featured_media":2321,"template":"","meta":{"om_disable_all_campaigns":false,"_monsterinsights_skip_tracking":false,"_monsterinsights_sitenote_active":false,"_monsterinsights_sitenote_note":"","_monsterinsights_sitenote_category":0},"product_brand":[],"product_cat":[41,16],"product_tag":[],"class_list":{"0":"post-1593","1":"product","2":"type-product","3":"status-publish","4":"has-post-thumbnail","6":"product_cat-for-her","7":"product_cat-olaplex","9":"first","10":"instock","11":"sale","12":"shipping-taxable","13":"purchasable","14":"product-type-simple","15":"prodpage-style3"},"_links":{"self":[{"href":"https:\/\/www.olaplex.al\/en\/wp-json\/wp\/v2\/product\/1593","targetHints":{"allow":["GET"]}}],"collection":[{"href":"https:\/\/www.olaplex.al\/en\/wp-json\/wp\/v2\/product"}],"about":[{"href":"https:\/\/www.olaplex.al\/en\/wp-json\/wp\/v2\/types\/product"}],"wp:featuredmedia":[{"embeddable":true,"href":"https:\/\/www.olaplex.al\/en\/wp-json\/wp\/v2\/media\/2321"}],"wp:attachment":[{"href":"https:\/\/www.olaplex.al\/en\/wp-json\/wp\/v2\/media?parent=1593"}],"wp:term":[{"taxonomy":"product_brand","embeddable":true,"href":"https:\/\/www.olaplex.al\/en\/wp-json\/wp\/v2\/product_brand?post=1593"},{"taxonomy":"product_cat","embeddable":true,"href":"https:\/\/www.olaplex.al\/en\/wp-json\/wp\/v2\/product_cat?post=1593"},{"taxonomy":"product_tag","embeddable":true,"href":"https:\/\/www.olaplex.al\/en\/wp-json\/wp\/v2\/product_tag?post=1593"}],"curies":[{"name":"wp","href":"https:\/\/api.w.org\/{rel}","templated":true}]}}