{"id":1296,"date":"2020-09-02T09:40:31","date_gmt":"2020-09-02T09:40:31","guid":{"rendered":"http:\/\/olaplex.al\/?post_type=product&#038;p=1296"},"modified":"2024-12-30T14:29:59","modified_gmt":"2024-12-30T14:29:59","slug":"no-0-intensive-bond-building-hair-treatment-kit","status":"publish","type":"product","link":"https:\/\/www.olaplex.al\/en\/product\/no-0-intensive-bond-building-hair-treatment-kit\/","title":{"rendered":"No.0 Intensive Bond Building Hair Treatment 155ml"},"content":{"rendered":"<p>No.0 Intensive Bond Building Hair Treatment 155ml<\/p>\n","protected":false},"excerpt":{"rendered":"<p>Trajtimi yn\u00eb i frym\u00ebzuar nga profesionist\u00ebt i jep flok\u00ebt tuaj p\u00ebr riparim m\u00eb t\u00eb thell\u00eb, rind\u00ebrton lidhjet e flok\u00ebve, forcon dhe mbron integritetin e flok\u00ebve.<\/p>\n<p>P\u00ebrdoreni si hapin e par\u00eb n\u00eb nj\u00eb sistem dypjes\u00ebsh me Nr. 3\u00a0 Hair Perfector p\u00ebr t\u00eb forcuar dhe riparuar t\u00eb gjitha llojet e flok\u00ebve t\u00eb d\u00ebmtuar.<\/p>\n<p>&nbsp;<\/p>\n","protected":false},"featured_media":2805,"template":"","meta":{"om_disable_all_campaigns":false,"_monsterinsights_skip_tracking":false,"_monsterinsights_sitenote_active":false,"_monsterinsights_sitenote_note":"","_monsterinsights_sitenote_category":0},"product_brand":[],"product_cat":[41,16],"product_tag":[],"class_list":{"0":"post-1296","1":"product","2":"type-product","3":"status-publish","4":"has-post-thumbnail","6":"product_cat-for-her","7":"product_cat-olaplex","9":"first","10":"instock","11":"sale","12":"shipping-taxable","13":"purchasable","14":"product-type-simple","15":"prodpage-style3"},"_links":{"self":[{"href":"https:\/\/www.olaplex.al\/en\/wp-json\/wp\/v2\/product\/1296","targetHints":{"allow":["GET"]}}],"collection":[{"href":"https:\/\/www.olaplex.al\/en\/wp-json\/wp\/v2\/product"}],"about":[{"href":"https:\/\/www.olaplex.al\/en\/wp-json\/wp\/v2\/types\/product"}],"wp:featuredmedia":[{"embeddable":true,"href":"https:\/\/www.olaplex.al\/en\/wp-json\/wp\/v2\/media\/2805"}],"wp:attachment":[{"href":"https:\/\/www.olaplex.al\/en\/wp-json\/wp\/v2\/media?parent=1296"}],"wp:term":[{"taxonomy":"product_brand","embeddable":true,"href":"https:\/\/www.olaplex.al\/en\/wp-json\/wp\/v2\/product_brand?post=1296"},{"taxonomy":"product_cat","embeddable":true,"href":"https:\/\/www.olaplex.al\/en\/wp-json\/wp\/v2\/product_cat?post=1296"},{"taxonomy":"product_tag","embeddable":true,"href":"https:\/\/www.olaplex.al\/en\/wp-json\/wp\/v2\/product_tag?post=1296"}],"curies":[{"name":"wp","href":"https:\/\/api.w.org\/{rel}","templated":true}]}}